{"id":826,"date":"2023-04-06T16:36:10","date_gmt":"2023-04-06T14:36:10","guid":{"rendered":"http:\/\/38.242.238.213\/?page_id=826"},"modified":"2023-04-06T16:36:58","modified_gmt":"2023-04-06T14:36:58","slug":"direktiva","status":"publish","type":"page","link":"https:\/\/dhkpgjp.al\/index.php\/legjislacioni\/akte-nenligjore\/direktiva\/","title":{"rendered":"DIREKTIVA"},"content":{"rendered":"<ul>\n<li class=\"listpadditem\"><strong><a href=\"http:\/\/www.nchb.al\/wp-content\/uploads\/2015\/09\/MBI-TRANSFERIMIN-E-CESHTJEVE.pdf\" target=\"_blank\" rel=\"noopener\">Orientim-Unifikimi i procesit t\u00eb \u201ctranferimeve t\u00eb \u00e7\u00ebshtje-dosjeve p\u00ebrmbarimore nga nj\u00eb subjekt p\u00ebrmbarues te tjetri\u201d<\/a><\/strong><\/li>\n<\/ul>\n<ul>\n<li class=\"listpadditem\"><strong><a href=\"http:\/\/www.nchb.al\/wp-content\/uploads\/2014\/12\/Direktiva.pdf\" target=\"_blank\" rel=\"noopener\">Direktiv\u00eb P\u00ebr zbatimin e shkres\u00ebs Nr. 1646\/2 Prot. dat\u00eb 21.05.2013 t\u00eb Drejtoris\u00eb s\u00eb P\u00ebrgjithshme t\u00eb Tatimeve \u201cSqaruese mbi veprimtarin\u00eb e p\u00ebrmbaruesve gjyq\u00ebsor\u00eb privat\u00eb\u201d<\/a><\/strong><\/li>\n<\/ul>\n<ul>\n<li class=\"listpadditem\"><strong><a href=\"http:\/\/www.nchb.al\/wp-content\/uploads\/2015\/01\/Direktiv%C3%AB-unifikuese.pdf\" target=\"_blank\" rel=\"noopener\">Direktiv\u00eb P\u00ebr Unifikimin dhe Zbatimin e P\u00ebrkohsh\u00ebm t\u00eb Mas\u00ebs s\u00eb Sekuestros Konservative mbi Pag\u00ebn e Debitorit<\/a><\/strong><\/li>\n<\/ul>\n<ul>\n<li class=\"listpadditem\"><strong><a href=\"http:\/\/www.nchb.al\/wp-content\/uploads\/2015\/02\/Direktiva-per-vleren-e-pandryshueshme-te-detyrimit-monetar.pdf\" target=\"_blank\" rel=\"noopener\">Direktiv\u00eb P\u00ebr Vler\u00ebn e Pandryshueshme t\u00eb Detyrimit Monetar ndaj Debitor\u00ebve n\u00eb nj\u00eb Proces P\u00ebrmbarimor<\/a><\/strong><\/li>\n<\/ul>\n<ul>\n<li class=\"listpadditem\"><a href=\"http:\/\/www.nchb.al\/wp-content\/uploads\/2016\/07\/DIREKTIVA_Korrik2016.pdf\" target=\"_blank\" rel=\"noopener\"><b><span lang=\"SQ\">P\u00ebr orientimin dhe zbatimin e unifikuar t\u00eb t\u00eb drejtave, detyrave dhe p\u00ebrgjegj\u00ebsive t\u00eb p\u00ebrmbaruesit gjyq\u00ebsor privat, p\u00ebr rastet kur \u00e7mohet se procedurat e ekzekutimit duhet t\u00eb kryhen me mb\u00ebshtetjen dhe prezenc\u00ebn e Policis\u00eb s\u00eb Shtetit.<\/span><\/b><\/a><\/li>\n<\/ul>\n<ul>\n<li class=\"listpadditem\"><a href=\"http:\/\/www.nchb.al\/wp-content\/uploads\/2018\/12\/NR.-551-PROT.-20.12.2018-DIREKTIVA..pdf\" target=\"_blank\" rel=\"noopener\"><b><span lang=\"SQ\">Direktiv\u00eb mbi orientimin dhe unifikimin e veprimtaris\u00eb s\u00eb p\u00ebrmbaruesve gjyq\u00ebsor\u00eb privat\u00eb p\u00ebr zbatimin dhe aplikimin e kritereve t\u00eb nj\u00ebjta tarifore p\u00ebr sh\u00ebrbimet e ofruara.<\/span><\/b><\/a><\/li>\n<\/ul>\n","protected":false},"excerpt":{"rendered":"<p>Orientim-Unifikimi i procesit t\u00eb \u201ctranferimeve t\u00eb \u00e7\u00ebshtje-dosjeve p\u00ebrmbarimore nga nj\u00eb subjekt p\u00ebrmbarues te tjetri\u201d Direktiv\u00eb P\u00ebr zbatimin e shkres\u00ebs Nr. 1646\/2 Prot. dat\u00eb 21.05.2013 t\u00eb Drejtoris\u00eb s\u00eb P\u00ebrgjithshme t\u00eb Tatimeve \u201cSqaruese mbi veprimtarin\u00eb e p\u00ebrmbaruesve gjyq\u00ebsor\u00eb privat\u00eb\u201d Direktiv\u00eb P\u00ebr Unifikimin dhe Zbatimin e P\u00ebrkohsh\u00ebm t\u00eb Mas\u00ebs s\u00eb Sekuestros Konservative mbi Pag\u00ebn e Debitorit Direktiv\u00eb P\u00ebr [&hellip;]<\/p>\n","protected":false},"author":1,"featured_media":0,"parent":71,"menu_order":0,"comment_status":"closed","ping_status":"closed","template":"","meta":{"ngg_post_thumbnail":0,"pgc_sgb_lightbox_settings":"","footnotes":""},"class_list":["post-826","page","type-page","status-publish","hentry"],"_links":{"self":[{"href":"https:\/\/dhkpgjp.al\/index.php\/wp-json\/wp\/v2\/pages\/826","targetHints":{"allow":["GET"]}}],"collection":[{"href":"https:\/\/dhkpgjp.al\/index.php\/wp-json\/wp\/v2\/pages"}],"about":[{"href":"https:\/\/dhkpgjp.al\/index.php\/wp-json\/wp\/v2\/types\/page"}],"author":[{"embeddable":true,"href":"https:\/\/dhkpgjp.al\/index.php\/wp-json\/wp\/v2\/users\/1"}],"replies":[{"embeddable":true,"href":"https:\/\/dhkpgjp.al\/index.php\/wp-json\/wp\/v2\/comments?post=826"}],"version-history":[{"count":1,"href":"https:\/\/dhkpgjp.al\/index.php\/wp-json\/wp\/v2\/pages\/826\/revisions"}],"predecessor-version":[{"id":827,"href":"https:\/\/dhkpgjp.al\/index.php\/wp-json\/wp\/v2\/pages\/826\/revisions\/827"}],"up":[{"embeddable":true,"href":"https:\/\/dhkpgjp.al\/index.php\/wp-json\/wp\/v2\/pages\/71"}],"wp:attachment":[{"href":"https:\/\/dhkpgjp.al\/index.php\/wp-json\/wp\/v2\/media?parent=826"}],"curies":[{"name":"wp","href":"https:\/\/api.w.org\/{rel}","templated":true}]}}