{"id":823,"date":"2023-04-06T16:34:43","date_gmt":"2023-04-06T14:34:43","guid":{"rendered":"http:\/\/38.242.238.213\/?page_id=823"},"modified":"2023-04-06T16:34:43","modified_gmt":"2023-04-06T14:34:43","slug":"marreveshje-bashkepunimi","status":"publish","type":"page","link":"https:\/\/dhkpgjp.al\/index.php\/legjislacioni\/akte-nenligjore\/marreveshje-bashkepunimi\/","title":{"rendered":"MARR\u00cbVESHJE BASHK\u00cbPUNIMI"},"content":{"rendered":"<p>K\u00ebtu do t\u00eb gjeni t\u00eb renditura kronologjikisht list\u00ebn e Konventave nd\u00ebrmjet Republik\u00ebs s\u00eb Shqip\u00ebris\u00eb dhe shteteve t\u00eb tjera p\u00ebr shk\u00ebmbime n\u00eb fush\u00ebn juridike, civile, tregtare etj\u2026<\/p>\n<p>&nbsp;<\/p>\n<ul>\n<li><a title=\"Marreveshja ZQRPP\" href=\"http:\/\/www.nchb.al\/wp-content\/uploads\/2014\/11\/NR.-394-PROT.-07.06.-2017-Marr%C3%ABveshja-e-Par%C3%AB-Ndryshuese-me-ZQRPP-n%C3%AB.pdf\" target=\"_blank\" rel=\"noopener\"><strong><b>Marr\u00ebveshja e par\u00eb ndryshuese nd\u00ebrmjet Zyr\u00ebs Q\u00ebndrore t\u00eb Regjistrimit t\u00eb Pasurive t\u00eb Paluajtshme dhe Dhom\u00ebs Komb\u00ebtare t\u00eb P\u00ebrmbaruesve Gjyq\u00ebsor\u00eb Privat\u00eb, n\u00eb lidhje me marr\u00ebveshjen e bashk\u00ebpunimit nr. 3567\/2, nr. 126 prot., dat\u00eb 07.09.2015<\/b><\/strong><\/a><a href=\"http:\/\/www.nchb.al\/wp-content\/uploads\/2014\/12\/Ligji-Nr-10194-dt-10.12.2009.pdf\" target=\"_blank\" rel=\"noopener\"><br \/>\n<\/a><\/li>\n<\/ul>\n<ul>\n<li><strong><a href=\"http:\/\/www.nchb.al\/wp-content\/uploads\/2015\/09\/Aktmarreveshje-me-ZQRPP.pdf\" target=\"_blank\" rel=\"noopener\">Akt-Marr\u00ebveshje Bashk\u00ebpunimi, dat\u00eb 7.09.2015, midis Zyr\u00ebs Q\u00ebndrore t\u00eb Regjistrimit t\u00eb Pasurive t\u00eb Paluajtshme dhe Dhom\u00ebs Komb\u00ebtare t\u00eb P\u00ebrmbaruesve Gjyq\u00ebsor\u00eb Privat<\/a><\/strong><\/li>\n<\/ul>\n<ul>\n<li><strong><a href=\"http:\/\/www.nchb.al\/wp-content\/uploads\/2015\/09\/Aktmarreveshja-DhKPGjP-IQT-2015.pdf\" target=\"_blank\" rel=\"noopener\">Akt-Marr\u00ebveshje Bashk\u00ebpunimi, dat\u00eb 26.02.2015, midis Inspektoriatit Qendror Teknik dhe Dhom\u00ebs Komb\u00ebtare t\u00eb P\u00ebrmbaruesve Gjyq\u00ebsor\u00eb Privat<\/a><\/strong><\/li>\n<\/ul>\n<ul>\n<li><strong><a href=\"http:\/\/www.nchb.al\/wp-content\/uploads\/2015\/09\/Aktmarreveshje-DHKPGJP-me-AKU.pdf\" target=\"_blank\" rel=\"noopener\">Akt-Marr\u00ebveshje Bashk\u00ebpunimi, dat\u00eb 16.04.2015, midis Autoritetit Komb\u00ebtar t\u00eb Ushqimit dhe Dhom\u00ebs Komb\u00ebtare t\u00eb P\u00ebrmbaruesve Gjyq\u00ebsor\u00eb Privat<\/a><\/strong><\/li>\n<\/ul>\n<ul>\n<li><strong><a href=\"http:\/\/www.nchb.al\/wp-content\/uploads\/2015\/09\/Aktmarreveshje-me-AKBN.pdf\" target=\"_blank\" rel=\"noopener\">Akt-Marr\u00ebveshje Bashk\u00ebpunimi, dat\u00eb 16.03.2015, midis Agjencis\u00eb Komb\u00ebtare t\u00eb Burimeve Natyrore dhe Dhom\u00ebs Komb\u00ebtare t\u00eb P\u00ebrmbaruesve Gjyq\u00ebsor\u00eb Privat<\/a><\/strong><\/li>\n<\/ul>\n<ul>\n<li><strong><a href=\"http:\/\/www.nchb.al\/wp-content\/uploads\/2015\/09\/Aktmarreveshje-me-KESH-sh.a.pdf\" target=\"_blank\" rel=\"noopener\">Akt-Marr\u00ebveshje Bashk\u00ebpunimi, dat\u00eb 11.03.2015, midis Korporat\u00ebs Elektroenergjitike Shqiptare (KESH) dhe Dhom\u00ebs Komb\u00ebtare t\u00eb P\u00ebrmbaruesve Gjyq\u00ebsor\u00eb Privat<\/a><\/strong><\/li>\n<\/ul>\n<ul>\n<li><strong><a href=\"http:\/\/www.nchb.al\/wp-content\/uploads\/2014\/12\/Ligji-Nr-7760-dt-14.10.1993.pdf\" target=\"_blank\" rel=\"noopener\">Ligj Nr. 7760, dat\u00eb 14.10.1993 P\u00ebr Ratifikimin e \u201cKonvent\u00ebs Nd\u00ebrmjet Republik\u00ebs s\u00eb Shqip\u00ebris\u00eb dhe Greqis\u00eb p\u00ebr Ndihm\u00ebn Gjyq\u00ebsore n\u00eb C\u00ebshjet Civile dhe Penale\u201d<\/a><\/strong><br \/>\nKonventa nd\u00ebrmjet Republik\u00ebs s\u00eb Shqip\u00ebris\u00eb dhe Republik\u00ebs s\u00eb Greqis\u00eb p\u00ebr ndihm\u00eb gjy\u00ebsore n\u00eb c\u00ebshtjet civile dhe penale, \u00ebsht\u00eb n\u00ebnshkruar n\u00eb Athin\u00eb m\u00eb 17 Maj 1993.<br \/>\n<em>Miratuar nga Kuvendi i Republik\u00ebs s\u00eb Shqip\u00ebris\u00eb, hyri n\u00eb fuqi m\u00eb 29.10.1993<\/em><\/li>\n<\/ul>\n<ul>\n<li><strong><a href=\"http:\/\/www.nchb.al\/wp-content\/uploads\/2014\/12\/Ligji-Nr-8688-dt-09.11.2000.pdf\" target=\"_blank\" rel=\"noopener\">Ligj Nr.8688, dat\u00eb 9.11.2000 P\u00ebr Aderimin e Republik\u00ebs s\u00eb Shqip\u00ebris\u00eb n\u00eb \u201cKonvent\u00ebn p\u00ebr Njohjen dhe Ekzekutimin e Vendimeve t\u00eb Huaja t\u00eb Arbitrazhit\u201d<\/a><\/strong><br \/>\nKjo Konvent\u00eb zbatohet p\u00ebr njohjen dhe ekzekutimin e vendimeve t\u00eb arbitrazhit, q\u00eb jan\u00eb n\u00eb territorin e nj\u00eb shteti t\u00eb ndrysh\u00ebm prej atij ku k\u00ebrkohen njohja dhe ekzekutimi i vendimeve, dhe q\u00eb u p\u00ebrkasin marr\u00ebveshjeve midis personave fizik\u00eb ose juridik\u00eb.<br \/>\n<em>Miratuar nga Kuvendi i Republik\u00ebs s\u00eb Shqip\u00ebris\u00eb, hyri n\u00eb fuqi m\u00eb 05.12.2003<\/em><\/li>\n<\/ul>\n<ul>\n<li><strong><a href=\"http:\/\/www.nchb.al\/wp-content\/uploads\/2014\/12\/Ligji-Nr-9348-dt24.02.2005.pdf\" target=\"_blank\" rel=\"noopener\">Ligj Nr.9348, dat\u00eb 24.2.2005 P\u00ebr Ratifikimin e \u201cMarr\u00ebveshjes Nd\u00ebrmjet Republik\u00ebs s\u00eb Shqip\u00ebris\u00eb dhe Republik\u00ebs s\u00eb Bullgaris\u00eb p\u00ebr Ndihm\u00eb t\u00eb Nd\u00ebrsjell\u00eb Juridike n\u00eb \u00c7\u00ebshtjet Civile\u201d<\/a><\/strong><br \/>\nMarr\u00ebveshje p\u00ebr Ndihm\u00eb t\u00eb nd\u00ebrsjell\u00eb juridike n\u00eb c\u00ebshtjet civile nd\u00ebrmjet Republik\u00ebs s\u00eb Shqip\u00ebris\u00eb dhe Republikes s\u00eb Bullgaris\u00eb, me d\u00ebshir\u00ebn p\u00ebr t\u00eb vendosur nj\u00eb bashk\u00ebpunim m\u00eb t\u00eb ngusht\u00eb n\u00eb fush\u00ebn e marr\u00ebdh\u00ebnieve juridike dhe duke pasur respekt reciprok p\u00ebr sovranitetin e tyre.<br \/>\n<em>Miratuar nga Kuvendi i Republik\u00ebs s\u00eb Shqip\u00ebris\u00eb, hyri n\u00eb fuqi m\u00eb 25.03.2005<\/em><\/li>\n<li><strong><a href=\"http:\/\/www.nchb.al\/wp-content\/uploads\/2014\/12\/Ligji-Nr-9554-dt-08.06.2006.pdf\" target=\"_blank\" rel=\"noopener\">Ligj Nr. 9554, dat\u00eb 8.6.2006 P\u00ebr Aderimin e Republik\u00ebs s\u00eb Shqip\u00ebris\u00eb n\u00eb Konvent\u00ebn \u201cP\u00ebr Njoftimin dhe Dor\u00ebzimin Jasht\u00eb Shtetit t\u00eb Dokumenteve Gjyq\u00ebsore dhe Jasht\u00ebgjyq\u00ebsore n\u00eb Fush\u00ebn Civile dhe Tregtare\u201d<\/a><\/strong><br \/>\nRepublika e Shqip\u00ebris\u00eb aderon n\u00eb Konvent\u00ebn \u201cP\u00ebr njoftimin dhe dor\u00ebzimin jasht\u00eb shtetit t\u00eb dokumenteve gjyq\u00ebsore dhe jasht\u00ebgjyq\u00ebsore n\u00eb fush\u00ebn civile dhe tregtare\u201d t\u00eb Konferenc\u00ebs s\u00eb Hag\u00ebs, b\u00ebr\u00eb m\u00eb 15 N\u00ebntor 1965, me deklarimet e parashikuara n\u00eb k\u00ebt\u00eb ligj.<br \/>\n<em>Miratuar nga Kuvendi i Republik\u00ebs s\u00eb Shqip\u00ebris\u00eb, hyri n\u00eb fuqi m\u00eb 12.07.2006<\/em><\/li>\n<li><a href=\"http:\/\/www.nchb.al\/wp-content\/uploads\/2014\/12\/Ligji-Nr-10182-dt-29.10.2009.pdf\" target=\"_blank\" rel=\"noopener\"><strong>Ligj Nr.10182, dat\u00eb 29.10.2009 Per Aderimin e Republikes se Shqiperise ne Konventen e Konferences se Hages \u201cPer Proceduren Civile\u201d<\/strong><br \/>\n<\/a>Republika Shqip\u00ebris\u00eb aderon n\u00eb konvent\u00ebn e Konferenc\u00ebs s\u00eb Hag\u00ebs \u201cP\u00ebr procedur\u00ebn civile\u201d, hyr\u00eb n\u00eb fuqi m\u00eb 12 Prill 1957.<br \/>\n<em>Miratuar nga Kuvendi i Republikes se Shqiperise, hyri n\u00eb fuqi n\u00eb 02.12.2009<\/em><\/li>\n<li><a href=\"http:\/\/www.nchb.al\/wp-content\/uploads\/2014\/12\/Ligji-Nr-10194-dt-10.12.2009.pdf\" target=\"_blank\" rel=\"noopener\"><strong>Ligj Nr.10194, dat\u00eb 10.12.2009 P\u00ebr Aderimin e Republik\u00ebs s\u00eb Shqip\u00ebris\u00eb n\u00eb Konvent\u00ebn \u201cP\u00ebr Njohjen dhe Zbatimin e Vendimeve t\u00eb Huaja n\u00eb Fush\u00ebn Civile dhe Tregtare\u201d<\/strong><br \/>\n<\/a>Republika e Shqip\u00ebris\u00eb aderon n\u00eb konvent\u00ebn \u201cP\u00ebr njohjen dhe zbatimin e vendimeve t\u00eb huaja n\u00eb fush\u00ebn civile dhe tregtare\u201d, b\u00ebr\u00eb n\u00eb Hag\u00eb m\u00eb 1 shkurt 1971 dhe q\u00eb ka hyr\u00eb n\u00eb fuqi m\u00eb 20 Gusht 1979, sipas tekstit q\u00eb i bashk\u00eblidhet k\u00ebtij ligji.<br \/>\n<em>Miratuar nga Kuvendi i Republik\u00ebs s\u00eb Shqip\u00ebris\u00eb, hyri m\u00eb fuqi n\u00eb 13.01.2010<\/em><a href=\"http:\/\/www.nchb.al\/wp-content\/uploads\/2014\/12\/Ligji-Nr-10194-dt-10.12.2009.pdf\" target=\"_blank\" rel=\"noopener\"><br \/>\n<\/a><\/li>\n<li><a href=\"http:\/\/www.nchb.al\/wp-content\/uploads\/2021\/12\/MARREVESHJE-BASHKEPUNIMI-DPPPP-DHKPGJP.pdf\" target=\"_blank\" rel=\"noopener\"><strong>Marr\u00ebveshje bashk\u00ebpunimi nd\u00ebrmjet Drejtoris\u00eb s\u00eb P\u00ebrgjithshme t\u00eb Parandalimit t\u00eb Pastrimit t\u00eb Parave dhe Dhom\u00ebs Komb\u00ebtare t\u00eb P\u00ebrmbaruesve Gjyq\u00ebsor\u00eb Privat\u00eb, dat\u00eb 1.12.2021<\/strong><\/a><\/li>\n<\/ul>\n","protected":false},"excerpt":{"rendered":"<p>K\u00ebtu do t\u00eb gjeni t\u00eb renditura kronologjikisht list\u00ebn e Konventave nd\u00ebrmjet Republik\u00ebs s\u00eb Shqip\u00ebris\u00eb dhe shteteve t\u00eb tjera p\u00ebr shk\u00ebmbime n\u00eb fush\u00ebn juridike, civile, tregtare etj\u2026 &nbsp; Marr\u00ebveshja e par\u00eb ndryshuese nd\u00ebrmjet Zyr\u00ebs Q\u00ebndrore t\u00eb Regjistrimit t\u00eb Pasurive t\u00eb Paluajtshme dhe Dhom\u00ebs Komb\u00ebtare t\u00eb P\u00ebrmbaruesve Gjyq\u00ebsor\u00eb Privat\u00eb, n\u00eb lidhje me marr\u00ebveshjen e bashk\u00ebpunimit nr. 3567\/2, [&hellip;]<\/p>\n","protected":false},"author":1,"featured_media":0,"parent":71,"menu_order":0,"comment_status":"closed","ping_status":"closed","template":"","meta":{"ngg_post_thumbnail":0,"pgc_sgb_lightbox_settings":"","footnotes":""},"class_list":["post-823","page","type-page","status-publish","hentry"],"_links":{"self":[{"href":"https:\/\/dhkpgjp.al\/index.php\/wp-json\/wp\/v2\/pages\/823","targetHints":{"allow":["GET"]}}],"collection":[{"href":"https:\/\/dhkpgjp.al\/index.php\/wp-json\/wp\/v2\/pages"}],"about":[{"href":"https:\/\/dhkpgjp.al\/index.php\/wp-json\/wp\/v2\/types\/page"}],"author":[{"embeddable":true,"href":"https:\/\/dhkpgjp.al\/index.php\/wp-json\/wp\/v2\/users\/1"}],"replies":[{"embeddable":true,"href":"https:\/\/dhkpgjp.al\/index.php\/wp-json\/wp\/v2\/comments?post=823"}],"version-history":[{"count":1,"href":"https:\/\/dhkpgjp.al\/index.php\/wp-json\/wp\/v2\/pages\/823\/revisions"}],"predecessor-version":[{"id":824,"href":"https:\/\/dhkpgjp.al\/index.php\/wp-json\/wp\/v2\/pages\/823\/revisions\/824"}],"up":[{"embeddable":true,"href":"https:\/\/dhkpgjp.al\/index.php\/wp-json\/wp\/v2\/pages\/71"}],"wp:attachment":[{"href":"https:\/\/dhkpgjp.al\/index.php\/wp-json\/wp\/v2\/media?parent=823"}],"curies":[{"name":"wp","href":"https:\/\/api.w.org\/{rel}","templated":true}]}}