{"id":816,"date":"2023-04-06T16:28:19","date_gmt":"2023-04-06T14:28:19","guid":{"rendered":"http:\/\/38.242.238.213\/?page_id=816"},"modified":"2023-10-23T07:00:08","modified_gmt":"2023-10-23T05:00:08","slug":"vkm","status":"publish","type":"page","link":"https:\/\/dhkpgjp.al\/index.php\/legjislacioni\/akte-nenligjore\/vkm\/","title":{"rendered":"VKM"},"content":{"rendered":"<ul>\n<li>\n<p style=\"font-weight: 400;\"><strong><a href=\"http:\/\/38.242.238.213\/wp-content\/uploads\/2023\/10\/VKM-nr.-578-date-11.10.2023.pdf\" target=\"_blank\" rel=\"noopener\">Vendim i K\u00ebshillit t\u00eb Ministrave\u00a0nr. 578, dat\u00eb 11.10.2023\u00a0\u00a0<em>\u201cP\u00ebr<\/em><em>\u00a0disa shtesa n\u00eb vendimin nr. 1128, dat\u00eb 30.12.2020 t\u00eb K\u00ebshillit t\u00eb Ministrave, &#8220;P\u00ebr zbatimin nga Republika e Shqip\u00ebris\u00eb t\u00eb Vendimeve t\u00eb K\u00ebshillit t\u00eb Bashkimit Evropian p\u00ebr vendosjen, ndryshimin dhe shfuqizimin e masave shtr\u00ebnguese nd\u00ebrkomb\u00ebtare, t\u00eb ndryshuara\u201d.<\/em><\/a><\/strong><\/p>\n<\/li>\n<li>\n<p style=\"font-weight: 400;\"><strong><a href=\"http:\/\/38.242.238.213\/wp-content\/uploads\/2023\/10\/VKM-nr.-552-date-28.9.2023.pdf\" target=\"_blank\" rel=\"noopener\">Vendim i K\u00ebshillit t\u00eb Ministrave\u00a0nr. 552, dat\u00eb 28.9.2023\u00a0\u00a0<em>\u201cP\u00ebr<\/em><em>\u00a0disa shtesa n\u00eb vendimin nr. 1128, dat\u00eb 30.12.2020 t\u00eb K\u00ebshillit t\u00eb Ministrave, &#8220;P\u00ebr zbatimin nga Republika e Shqip\u00ebris\u00eb t\u00eb Vendimeve t\u00eb K\u00ebshillit t\u00eb Bashkimit Evropian p\u00ebr vendosjen, ndryshimin dhe shfuqizimin e masave shtr\u00ebnguese nd\u00ebrkomb\u00ebtare, t\u00eb ndryshuara\u201d.<\/em><\/a><\/strong><\/p>\n<\/li>\n<li>\n<p style=\"font-weight: 400;\"><strong><a href=\"http:\/\/38.242.238.213\/wp-content\/uploads\/2023\/10\/VKM-nr.-495-date-24.8.2023.pdf\" target=\"_blank\" rel=\"noopener\">Vendim i K\u00ebshillit t\u00eb Ministrave\u00a0nr. 495, dat\u00eb 24.8.2023\u00a0\u00a0<em>\u201cP\u00ebr<\/em><em>\u00a0disa ndryshime n\u00eb vendimin nr. 1128, dat\u00eb 30.12.2020 t\u00eb K\u00ebshillit t\u00eb Ministrave, &#8220;P\u00ebr zbatimin nga Republika e Shqip\u00ebris\u00eb t\u00eb Vendimeve t\u00eb K\u00ebshillit t\u00eb Bashkimit Evropian p\u00ebr vendosjen, ndryshimin dhe shfuqizimin e masave shtr\u00ebnguese nd\u00ebrkomb\u00ebtare, t\u00eb ndryshuara\u201d.<\/em><\/a><\/strong><\/p>\n<\/li>\n<li>\n<p style=\"font-weight: 400;\"><strong><a href=\"http:\/\/38.242.238.213\/wp-content\/uploads\/2023\/10\/VKM-nr.-488-date-9.8.2023.pdf\" target=\"_blank\" rel=\"noopener\">Vendim i K\u00ebshillit t\u00eb Ministrave\u00a0nr.\u00a0488, dat\u00eb 9.8.2023\u00a0\u201c<em>P\u00ebr disa shtesa n\u00eb vendimin nr. 1128, dat\u00eb 30.12.2020 t\u00eb K\u00ebshillit t\u00eb Ministrave &#8220;P\u00ebr zbatimin nga Republika e Shqip\u00ebris\u00eb t\u00eb vendimeve t\u00eb K\u00ebshillit t\u00eb Bashkimit Evropian, p\u00ebr vendosjen, ndryshimin dhe shfuqizimin e masave shtr\u00ebnguese nd\u00ebrkomb\u00ebtare, t\u00eb ndryshuara<\/em>\u201d.<\/a><\/strong><\/p>\n<\/li>\n<li>\n<p style=\"font-weight: 400;\"><strong><a href=\"http:\/\/38.242.238.213\/wp-content\/uploads\/2023\/10\/VKM-nr.-451-date-26.7.2023.pdf\" target=\"_blank\" rel=\"noopener\">Vendim i K\u00ebshillit t\u00eb Ministrave\u00a0nr. 451, dat\u00eb 26.7.2023\u00a0\u00a0<em>\u201cP\u00ebr<\/em><em>\u00a0disa shtesa n\u00eb vendimin nr. 1128, dat\u00eb 30.12.2020 t\u00eb K\u00ebshillit t\u00eb Ministrave, \u201cP\u00ebr zbatimin nga Republika e Shqip\u00ebris\u00eb t\u00eb Vendimeve t\u00eb K\u00ebshillit t\u00eb Bashkimit Evropian p\u00ebr vendosjen, ndryshimin dhe shfuqizimin e masave shtr\u00ebnguese nd\u00ebrkomb\u00ebtare, t\u00eb ndryshuara\u201d.<\/em><\/a><\/strong><\/p>\n<\/li>\n<li>\n<p style=\"font-weight: 400;\"><strong><a href=\"http:\/\/38.242.238.213\/wp-content\/uploads\/2023\/10\/VKM-nr.-430-date-19.7.2023.pdf\" target=\"_blank\" rel=\"noopener\">Vendim i K\u00ebshillit t\u00eb Ministrave\u00a0nr. 430, dat\u00eb 19.7.2023\u00a0\u00a0<em>\u201cP\u00ebr<\/em><em>\u00a0disa shtesa n\u00eb vendimin nr. 1128, dat\u00eb 30.12.2020 t\u00eb K\u00ebshillit t\u00eb Ministrave, \u201cP\u00ebr zbatimin nga Republika e Shqip\u00ebris\u00eb t\u00eb Vendimeve t\u00eb K\u00ebshillit t\u00eb Bashkimit Evropian p\u00ebr vendosjen, ndryshimin dhe shfuqizimin e masave shtr\u00ebnguese nd\u00ebrkomb\u00ebtare, t\u00eb ndryshuara\u201d.<\/em><\/a><\/strong><\/p>\n<\/li>\n<li>\n<p style=\"font-weight: 400;\"><strong><a href=\"http:\/\/38.242.238.213\/wp-content\/uploads\/2023\/10\/VKM-nr.-415-date-7.7.2023.pdf\" target=\"_blank\" rel=\"noopener\">Vendim i K\u00ebshillit t\u00eb Ministrave\u00a0nr. 415, dat\u00eb 7.7.2023\u00a0\u00a0<em>\u201cP\u00ebr<\/em><em>\u00a0disa shtesa n\u00eb vendimin nr. 1128, dat\u00eb 30.12.2020 t\u00eb K\u00ebshillit t\u00eb Ministrave, &#8220;P\u00ebr zbatimin nga Republika e Shqip\u00ebris\u00eb t\u00eb Vendimeve t\u00eb K\u00ebshillit t\u00eb Bashkimit Evropian p\u00ebr vendosjen, ndryshimin dhe shfuqizimin e masave shtr\u00ebnguese nd\u00ebrkomb\u00ebtare, t\u00eb ndryshuara\u201d.<\/em><\/a><\/strong><\/p>\n<\/li>\n<li>\n<p style=\"font-weight: 400;\"><strong><a href=\"http:\/\/38.242.238.213\/wp-content\/uploads\/2023\/10\/VKM-nr.-387-date-29.6.2023.pdf\" target=\"_blank\" rel=\"noopener\">Vendim i K\u00ebshillit t\u00eb Ministrave\u00a0nr. 387, dat\u00eb 29.6.2023\u00a0\u00a0<em>\u201cP\u00ebr<\/em><em>\u00a0disa shtesa n\u00eb vendimin nr. 1128, dat\u00eb 30.12.2020 t\u00eb K\u00ebshillit t\u00eb Ministrave, &#8220;P\u00ebr zbatimin nga Republika e Shqip\u00ebris\u00eb t\u00eb Vendimeve t\u00eb K\u00ebshillit t\u00eb Bashkimit Evropian p\u00ebr vendosjen, ndryshimin dhe shfuqizimin e masave shtr\u00ebnguese nd\u00ebrkomb\u00ebtare, t\u00eb ndryshuara\u201d<\/em>.<\/a><\/strong><\/p>\n<\/li>\n<li>\n<p style=\"font-weight: 400;\"><strong><a href=\"http:\/\/38.242.238.213\/wp-content\/uploads\/2023\/10\/VKM-nr.-372-date-21.6.2023.pdf\" target=\"_blank\" rel=\"noopener\">Vendim i K\u00ebshillit t\u00eb Ministrave\u00a0nr. 372, dat\u00eb 21.6.2023\u00a0\u00a0<em>\u201cP\u00ebr<\/em><em>\u00a0disa shtesa n\u00eb vendimin nr. 1128, dat\u00eb 30.12.2020 t\u00eb K\u00ebshillit t\u00eb Ministrave, &#8220;P\u00ebr zbatimin nga Republika e Shqip\u00ebris\u00eb t\u00eb Vendimeve t\u00eb K\u00ebshillit t\u00eb Bashkimit Evropian p\u00ebr vendosjen, ndryshimin dhe shfuqizimin e masave shtr\u00ebnguese nd\u00ebrkomb\u00ebtare, t\u00eb ndryshuara\u00a0<\/em>\u201c.<\/a><\/strong><\/p>\n<\/li>\n<li>\n<p style=\"font-weight: 400;\"><strong><a href=\"http:\/\/38.242.238.213\/wp-content\/uploads\/2023\/10\/VKM-nr.-363-date-16.6.2023.pdf\" target=\"_blank\" rel=\"noopener\">Vendim i K\u00ebshillit t\u00eb Ministrave\u00a0nr. 363, dat\u00eb 16.6.2023 \u201c<em>P\u00ebr<\/em><em>\u00a0disa shtesa n\u00eb vendimin nr. 1128, dat\u00eb 30.12.2020 t\u00eb K\u00ebshillit t\u00eb Ministrave, \u201cP\u00ebr zbatimin nga Republika e Shqip\u00ebris\u00eb t\u00eb Vendimeve t\u00eb K\u00ebshillit t\u00eb Bashkimit Evropian p\u00ebr vendosjen, ndryshimin dhe shfuqizimin e masave shtr\u00ebnguese nd\u00ebrkomb\u00ebtare, t\u00eb ndryshuara\u00a0<\/em>\u201c.<\/a><\/strong><\/p>\n<\/li>\n<li>\n<p style=\"font-weight: 400;\"><strong><a href=\"http:\/\/38.242.238.213\/wp-content\/uploads\/2023\/10\/VKM-nr.-362-date-16.6.2023.pdf\" target=\"_blank\" rel=\"noopener\">Vendim i K\u00ebshillit t\u00eb Ministrave\u00a0nr. 362, dat\u00eb 16.6.2023\u00a0\u201c<em>P\u00ebr nj\u00eb shtes\u00eb n\u00eb vendimin nr. 718, dat\u00eb 29.10.2004 t\u00eb K\u00ebshillit t\u00eb Ministrave, \u201cP\u00ebr list\u00ebn e personave t\u00eb shpallur si financues t\u00eb terrorizmit\u201d.<\/em><\/a><\/strong><\/p>\n<\/li>\n<li>\n<p style=\"font-weight: 400;\"><strong><a href=\"http:\/\/38.242.238.213\/wp-content\/uploads\/2023\/10\/VKM-nr.-348-date-7.6.2023.pdf\" target=\"_blank\" rel=\"noopener\">Vendim i K\u00ebshillit t\u00eb Ministrave\u00a0nr. 348, dat\u00eb 7.6.2023 \u201c<em>P\u00ebr disa shtesa n\u00eb vendimin nr. 1128, dat\u00eb 30.12.2020 t\u00eb K\u00ebshillit t\u00eb Ministrave &#8220;P\u00ebr zbatimin nga Republika e Shqip\u00ebris\u00eb t\u00eb vendimeve t\u00eb K\u00ebshillit t\u00eb Bashkimit Evropian, p\u00ebr vendosjen, ndryshimin dhe shfuqizimin e masave shtr\u00ebnguese nd\u00ebrkomb\u00ebtare, t\u00eb ndryshuara<\/em>\u201d.<\/a><\/strong><\/p>\n<\/li>\n<li>\n<p style=\"font-weight: 400;\"><strong><a href=\"http:\/\/38.242.238.213\/wp-content\/uploads\/2023\/10\/VKM-nr.-291-date-17.5.2023.pdf\" target=\"_blank\" rel=\"noopener\">Vendim i K\u00ebshillit t\u00eb Ministrave\u00a0nr. 291, dat\u00eb 17.5.2023 \u201c<em>P\u00ebr disa shtesa dhe ndryshime n\u00eb vendimin nr. 1128, dat\u00eb 30.12.2020 t\u00eb K\u00ebshillit t\u00eb Ministrave &#8220;P\u00ebr zbatimin nga Republika e Shqip\u00ebris\u00eb t\u00eb vendimeve t\u00eb K\u00ebshillit t\u00eb Bashkimit Evropian, p\u00ebr vendosjen, ndryshimin dhe shfuqizimin e masave shtr\u00ebnguese nd\u00ebrkomb\u00ebtare, t\u00eb ndryshuara<\/em>\u201d.<\/a><\/strong><\/p>\n<\/li>\n<li>\n<p style=\"font-weight: 400;\"><strong><a href=\"http:\/\/38.242.238.213\/wp-content\/uploads\/2023\/10\/VKM-nr.-263-date-27.4.2023.pdf\" target=\"_blank\" rel=\"noopener\">Vendim i K\u00ebshillit t\u00eb Ministrave\u00a0nr.\u00a0263, dat\u00eb \u201c<em>P\u00ebr disa ndryshime n\u00eb vendimin nr. 1128, dat\u00eb 30.12.2020 t\u00eb K\u00ebshillit t\u00eb Ministrave, \u201cP\u00ebr zbatimin nga Republika e Shqip\u00ebris\u00eb t\u00eb vendimeve t\u00eb K\u00ebshillit t\u00eb Bashkimit Evropian p\u00ebr vendosjen, ndryshimin dhe shfuqizimin e masave shtr\u00ebnguese nd\u00ebrkomb\u00ebtare, t\u00eb ndryshuara<\/em>\u201d.<\/a><\/strong><\/p>\n<\/li>\n<li><strong><a href=\"http:\/\/38.242.238.213\/wp-content\/uploads\/2023\/10\/VKM-nr.-222-date-13.4.2023.pdf\" target=\"_blank\" rel=\"noopener\"><span lang=\"SQ\">Vendim i K\u00ebshillit t\u00eb Ministrave<\/span><span lang=\"SQ\">\u00a0nr.\u00a0<\/span><span lang=\"SQ\">222, dat\u00eb 13.4.2023 \u201c<i>P\u00ebr disa shtesa n\u00eb vendimin nr. 1128, dat\u00eb 30.12.2020 t\u00eb K\u00ebshillit t\u00eb Ministrave, \u201cP\u00ebr zbatimin nga Republika e Shqip\u00ebris\u00eb t\u00eb vendimeve t\u00eb K\u00ebshillit t\u00eb Bashkimit Evropian p\u00ebr vendosjen, ndryshimin dhe shfuqizimin e masave shtr\u00ebnguese nd\u00ebrkomb\u00ebtare, t\u00eb ndryshuara<\/i>\u201d.<\/span><\/a><\/strong><\/li>\n<li><\/li>\n<li><a href=\"http:\/\/38.242.238.213\/wp-content\/uploads\/2023\/10\/VKM-nr.-92-date-22.2.2023.pdf\" target=\"_blank\" rel=\"noopener\"><strong>Vendim i K\u00ebshillit t\u00eb Ministrave nr. 92, dat\u00eb 22.2.2023\u00a0<i>\u201cP\u00ebr disa shtesa dhe ndryshime n\u00eb vendimin nr. 1128, dat\u00eb 30.12.2020, t\u00eb K\u00ebshillit t\u00eb Ministrave, p\u00ebr zbatimin nga Republika e Shqip\u00ebris\u00eb t\u00eb vendeve t\u00eb K\u00ebshillit t\u00eb Bashkimit Evropian, p\u00ebr vendosjen, ndryshimin dhe shfuqizimin e masave shtr\u00ebnguese nd\u00ebrkomb\u00ebtare, t\u00eb ndryshuara<\/i>\u201d.<\/strong><\/a><\/li>\n<li>\n<p style=\"font-weight: 400;\"><strong><a href=\"http:\/\/www.nchb.al\/wp-content\/uploads\/2015\/09\/VKM-Nr-443-dt-16.06.2011-p%C3%ABr-sistemin-Albis.pdf\" target=\"_blank\" rel=\"noopener\">Vendim Nr. 443, dat\u00eb 16.6.2011 \u201cP\u00ebr Krijimin, Regjistrimin, M\u00ebnyr\u00ebn e Funksionimit, t\u00eb Administrimit e t\u00eb Nd\u00ebrveprimit dhe p\u00ebr Sigurin\u00eb e Sisitemit t\u00eb Menaxhimit Elektronik t\u00eb \u00c7\u00ebshtjeve t\u00eb P\u00ebrmbarimit Gjyq\u00ebsor(ALBIS)\u201d<\/a><\/strong><\/p>\n<\/li>\n<li>\n<p style=\"font-weight: 400;\"><a href=\"http:\/\/www.nchb.al\/wp-content\/uploads\/2021\/04\/VKM-nr.-43-dat%C3%AB-15.1.2020.pdf\" target=\"_blank\" rel=\"noopener\"><strong>Vendim i K\u00ebshillit t\u00eb Ministrave nr. 43, dat\u00eb 15.1.2020 \u201c<em>P\u00ebr funksionimin e procesit t\u00eb shk\u00ebmbimit t\u00eb dokumenteve nd\u00ebrmjet institucioneve, n\u00ebp\u00ebrmjet sistemit t\u00eb qarkullimit t\u00eb dokumenteve me n\u00ebnshkrim elektronik<\/em>\u201d.<\/strong><\/a><\/p>\n<\/li>\n<li>\n<p style=\"font-weight: 400;\"><a href=\"http:\/\/www.nchb.al\/wp-content\/uploads\/2021\/04\/VKM-nr.-970-dat%C3%AB-4.12.2020.pdf\" target=\"_blank\" rel=\"noopener\"><strong>Vendim i K\u00ebshillit t\u00eb Ministrave nr. 970, dat\u00eb 4.12.2020 \u201c<em>P\u00ebr miratimin e metodologjis\u00eb p\u00ebr p\u00ebrcaktimin e vler\u00ebs s\u00eb sendit n\u00eb procesin e ekzekutimit t\u00eb detyruesh\u00ebm<\/em>\u201d.<\/strong><\/a><\/p>\n<\/li>\n<li>\n<p style=\"font-weight: 400;\"><a href=\"http:\/\/www.nchb.al\/wp-content\/uploads\/2021\/04\/VKM-nr.-620-dat%C3%AB-29.7.2020.pdf\" target=\"_blank\" rel=\"noopener\"><strong>Vendim i K\u00ebshillit t\u00eb Ministrave nr. 620, dat\u00eb 29.7.2020 \u201c<em>P\u00ebr p\u00ebrcaktimin e kushteve dhe t\u00eb m\u00ebnyr\u00ebs s\u00eb p\u00ebrfitimit t\u00eb mbrojtjes s\u00eb ve\u00e7ant\u00eb t\u00eb garantuar nga shteti p\u00ebr p\u00ebrmbaruesin gjyq\u00ebsor<\/em>\u201d.<\/strong><\/a><\/p>\n<\/li>\n<li>\n<p style=\"font-weight: 400;\"><a href=\"http:\/\/www.nchb.al\/wp-content\/uploads\/2021\/04\/VKM-nr.-416-dat%C3%AB-4.7.2018.pdf\" target=\"_blank\" rel=\"noopener\"><strong>Vendim i K\u00ebshillit t\u00eb Ministrave nr. 416, dat\u00eb 4.7.2018 \u201c<em>p\u00ebr disa ndryshime dhe shtesa n\u00eb vendimin nr. 443, dat\u00eb 16.6.2011, t\u00eb K\u00ebshillit t\u00eb Ministrave, \u201cp\u00ebr krijimin, regjistrimin, m\u00ebnyr\u00ebn e funksionimit, t\u00eb administrimit e t\u00eb nd\u00ebrveprimit dhe p\u00ebr sigurin\u00eb e sistemit t\u00eb menaxhimit elektronik t\u00eb \u00e7\u00ebshtjeve t\u00eb p\u00ebrmbarimit gjyq\u00ebsor (ALBIS)\u201d.<\/em><\/strong><\/a><\/p>\n<\/li>\n<\/ul>\n","protected":false},"excerpt":{"rendered":"<p>Vendim i K\u00ebshillit t\u00eb Ministrave\u00a0nr. 578, dat\u00eb 11.10.2023\u00a0\u00a0\u201cP\u00ebr\u00a0disa shtesa n\u00eb vendimin nr. 1128, dat\u00eb 30.12.2020 t\u00eb K\u00ebshillit t\u00eb Ministrave, &#8220;P\u00ebr zbatimin nga Republika e Shqip\u00ebris\u00eb t\u00eb Vendimeve t\u00eb K\u00ebshillit t\u00eb Bashkimit Evropian p\u00ebr vendosjen, ndryshimin dhe shfuqizimin e masave shtr\u00ebnguese nd\u00ebrkomb\u00ebtare, t\u00eb ndryshuara\u201d. Vendim i K\u00ebshillit t\u00eb Ministrave\u00a0nr. 552, dat\u00eb 28.9.2023\u00a0\u00a0\u201cP\u00ebr\u00a0disa shtesa n\u00eb vendimin nr. [&hellip;]<\/p>\n","protected":false},"author":1,"featured_media":0,"parent":71,"menu_order":0,"comment_status":"closed","ping_status":"closed","template":"","meta":{"ngg_post_thumbnail":0,"pgc_sgb_lightbox_settings":"","footnotes":""},"class_list":["post-816","page","type-page","status-publish","hentry"],"_links":{"self":[{"href":"https:\/\/dhkpgjp.al\/index.php\/wp-json\/wp\/v2\/pages\/816","targetHints":{"allow":["GET"]}}],"collection":[{"href":"https:\/\/dhkpgjp.al\/index.php\/wp-json\/wp\/v2\/pages"}],"about":[{"href":"https:\/\/dhkpgjp.al\/index.php\/wp-json\/wp\/v2\/types\/page"}],"author":[{"embeddable":true,"href":"https:\/\/dhkpgjp.al\/index.php\/wp-json\/wp\/v2\/users\/1"}],"replies":[{"embeddable":true,"href":"https:\/\/dhkpgjp.al\/index.php\/wp-json\/wp\/v2\/comments?post=816"}],"version-history":[{"count":13,"href":"https:\/\/dhkpgjp.al\/index.php\/wp-json\/wp\/v2\/pages\/816\/revisions"}],"predecessor-version":[{"id":879,"href":"https:\/\/dhkpgjp.al\/index.php\/wp-json\/wp\/v2\/pages\/816\/revisions\/879"}],"up":[{"embeddable":true,"href":"https:\/\/dhkpgjp.al\/index.php\/wp-json\/wp\/v2\/pages\/71"}],"wp:attachment":[{"href":"https:\/\/dhkpgjp.al\/index.php\/wp-json\/wp\/v2\/media?parent=816"}],"curies":[{"name":"wp","href":"https:\/\/api.w.org\/{rel}","templated":true}]}}