{"id":812,"date":"2023-04-06T16:22:08","date_gmt":"2023-04-06T14:22:08","guid":{"rendered":"http:\/\/38.242.238.213\/?page_id=812"},"modified":"2023-04-06T16:22:08","modified_gmt":"2023-04-06T14:22:08","slug":"urdhra","status":"publish","type":"page","link":"https:\/\/dhkpgjp.al\/index.php\/legjislacioni\/akte-nenligjore\/urdhra\/","title":{"rendered":"URDHRA"},"content":{"rendered":"<ul>\n<li><strong><a href=\"http:\/\/www.nchb.al\/wp-content\/uploads\/2017\/12\/Urdh%C3%ABr_4321_4_18.07.2017.doc\" target=\"_blank\" rel=\"noopener\">Urdh\u00ebr nr. 4321\/4, dat\u00eb 18.7.2017 \u201c<i>P\u00ebr miratimin e modelit t\u00eb kontrat\u00ebs q\u00eb lidhet midis shoq\u00ebris\u00eb p\u00ebrmbarimore\/p\u00ebrmbaruesit gjyq\u00ebsor privat dhe pal\u00ebs s\u00eb interesuar p\u00ebrpara fillimit t\u00eb procedurave t\u00eb ekzekutimit\u201d<\/i><\/a><\/strong><\/li>\n<li><strong><a href=\"http:\/\/www.nchb.al\/wp-content\/uploads\/2014\/11\/133.pdf\" target=\"_blank\" rel=\"noopener\" data-wahfont=\"13\">Urdh\u00ebr nr. 133 Prot., dat\u00eb 27.04.2020, \u201cP\u00ebr miratimin e formatit t\u00eb regjistrit t\u00eb p\u00ebrmbaruesve gjyq\u00ebsor privat\u00eb, t\u00eb regjistrit unik t\u00eb t\u00eb dh\u00ebnave p\u00ebr zyrat e p\u00ebrmbarimit dhe p\u00ebrmbaruesit gjyq\u00ebsor privat\u00eb, t\u00eb regjistrit t\u00eb ndihm\u00ebsp\u00ebrmbaruesve, si dhe m\u00ebnyr\u00ebn e mbajtjes dhe p\u00ebrdit\u00ebsimit t\u00eb t\u00eb dh\u00ebnave t\u00eb tyre\u201d<\/a><\/strong><\/li>\n<li><strong><a href=\"http:\/\/www.nchb.al\/wp-content\/uploads\/2014\/11\/134.pdf\" target=\"_blank\" rel=\"noopener\" data-wahfont=\"13\">Urdh\u00ebr nr. 134 Prot., dat\u00eb 27.04.2020, \u201cP\u00ebr miratimin e form\u00ebs, modaliteteve dhe t\u00eb dh\u00ebnave q\u00eb p\u00ebrmban raporti statistikor I veprimtaris\u00eb s\u00eb P\u00ebrmbaruesit gjyq\u00ebsor privat\u201d<\/a><\/strong><\/li>\n<li><strong><a href=\"http:\/\/www.nchb.al\/wp-content\/uploads\/2014\/11\/135.pdf\" target=\"_blank\" rel=\"noopener\" data-wahfont=\"13\">Urdh\u00ebr nr. 135 Prot., dat\u00eb 27.04.2020, \u201cP\u00ebr p\u00ebrcaktimin e dokumentacionit t\u00eb nevojsh\u00ebm p\u00ebr t\u2019u regjistruar si ndihm\u00ebs p\u00ebrmbarues\u201d<\/a><\/strong><\/li>\n<li><strong><a href=\"http:\/\/www.nchb.al\/wp-content\/uploads\/2014\/11\/136.pdf\" target=\"_blank\" rel=\"noopener\" data-wahfont=\"13\">Urdh\u00ebr nr. 136 Prot., dat\u00eb 136 Prot., dat\u00eb 27.06.2020 \u201cP\u00ebr miratimin e Kodit t\u00eb Etik\u00ebs profesionale t\u00eb p\u00ebrmbarimin gjyq\u00ebsor privat\u201d<\/a><\/strong><\/li>\n<li>\n<p data-wahfont=\"13\"><strong><a href=\"http:\/\/www.nchb.al\/wp-content\/uploads\/2014\/11\/137.pdf\" target=\"_blank\" rel=\"noopener\" data-wahfont=\"13\">Urdh\u00ebr nr. 137 Prot., dat\u00eb 27.04.2020, \u201cP\u00ebr miratimin e Rregullave t\u00eb Holl\u00ebsishme p\u00ebr dokumentacionin dhe procedur\u00ebn e shqyrtimit t\u00eb k\u00ebrkes\u00ebs p\u00ebr pezullimin e p\u00ebrkohsh\u00ebm\u201d<\/a><\/strong><\/p>\n<\/li>\n<li>\n<p data-wahfont=\"13\"><strong><a href=\"http:\/\/www.nchb.al\/wp-content\/uploads\/2014\/11\/142.pdf\" target=\"_blank\" rel=\"noopener\" data-wahfont=\"13\">Urdh\u00ebr nr. 142 Prot., dat\u00eb 13.05.2020, \u201cP\u00ebr p\u00ebrcaktimin e adresave t\u00eb post\u00ebs elektronike p\u00ebr komunikimin zyrtar me Ministrin\u00eb e Drejt\u00ebsis\u00eb\u201d<\/a><\/strong><\/p>\n<\/li>\n<li><a href=\"http:\/\/www.nchb.al\/wp-content\/uploads\/2021\/04\/Urdher-nr.-219-dat%C3%AB-17.7.2020.pdf\" target=\"_blank\" rel=\"noopener\"><strong>Urdh\u00ebr nr. 219, dat\u00eb 17.7.2020 \u201c<em>P\u00ebr krijimin, mbajtjen dhe administrimin e arkivit nga p\u00ebrmbaruesi gjyq\u00ebsor privat\u201d.<\/em><\/strong><\/a><\/li>\n<li><a href=\"http:\/\/www.nchb.al\/wp-content\/uploads\/2021\/04\/Urdh%C3%ABr-nr.-220-dat%C3%AB-17.7.2020.pdf\" target=\"_blank\" rel=\"noopener\"><strong>Urdh\u00ebr nr. 220, dat\u00eb 17.7.2020<em>\u00a0\u201cP\u00ebr miratimin e formularit t\u00eb ankesave p\u00ebr p\u00ebrmbaruesit gjyq\u00ebsor\u00eb privat\u00eb<\/em>.<\/strong><\/a><\/li>\n<li><a href=\"http:\/\/38.242.238.213\/wp-content\/uploads\/2023\/04\/URDHER-NR.-241-DATE-31.3.2023_compressed.pdf\" target=\"_blank\" rel=\"noopener\"><strong>Urdh\u00ebr nr. 241, dat\u00eb 31.3.2023 \u201c<em>P\u00ebr miratimin e modelit t\u00eb kontrat\u00ebs q\u00eb lidhet midis p\u00ebrmbaruesit gjyq\u00ebsor privat dhe pal\u00ebs s\u00eb interesuar p\u00ebr shitjen e sendeve n\u00eb ankand publik\u201d.<\/em><\/strong><\/a><\/li>\n<li><strong><a href=\"http:\/\/38.242.238.213\/wp-content\/uploads\/2023\/04\/URDHER-NR.-242-DATE-31.3.2023_compressed.pdf\" target=\"_blank\" rel=\"noopener\">Urdh\u00ebr nr. 242, dat\u00eb 31.3.2023 \u201c<em>P\u00ebr miratimin e modelit t\u00eb kontrat\u00ebs q\u00eb lidhet midis p\u00ebrmbaruesit gjyq\u00ebsor privat dhe pal\u00ebs s\u00eb interesuar p\u00ebr njoftimin dhe mbledhjen e detyrimeve financiare me mir\u00ebkuptim<\/em>\u201d.<\/a><\/strong><\/li>\n<li><a href=\"http:\/\/38.242.238.213\/wp-content\/uploads\/2023\/04\/URDHER-NR.-243-DATE-31.3.2023_compressed.pdf\" target=\"_blank\" rel=\"noopener\"><strong>Urdh\u00ebr nr. 243, dat\u00eb 31.3.2023 \u201c<em>P\u00ebr miratimin e modelit t\u00eb kontrat\u00ebs q\u00eb lidhet midis p\u00ebrmbaruesit gjyq\u00ebsor privat dhe pal\u00ebs s\u00eb interesuar p\u00ebr kryerjen e konstatimeve t\u00eb fakteve, sendeve dhe dukurive leht\u00ebsisht t\u00eb verifikueshme, q\u00eb nuk k\u00ebrkojn\u00eb njohuri specifike teknike, sipas legjislacionit n\u00eb fuqi<\/em>\u201d.<\/strong><\/a><\/li>\n<\/ul>\n","protected":false},"excerpt":{"rendered":"<p>Urdh\u00ebr nr. 4321\/4, dat\u00eb 18.7.2017 \u201cP\u00ebr miratimin e modelit t\u00eb kontrat\u00ebs q\u00eb lidhet midis shoq\u00ebris\u00eb p\u00ebrmbarimore\/p\u00ebrmbaruesit gjyq\u00ebsor privat dhe pal\u00ebs s\u00eb interesuar p\u00ebrpara fillimit t\u00eb procedurave t\u00eb ekzekutimit\u201d Urdh\u00ebr nr. 133 Prot., dat\u00eb 27.04.2020, \u201cP\u00ebr miratimin e formatit t\u00eb regjistrit t\u00eb p\u00ebrmbaruesve gjyq\u00ebsor privat\u00eb, t\u00eb regjistrit unik t\u00eb t\u00eb dh\u00ebnave p\u00ebr zyrat e p\u00ebrmbarimit dhe [&hellip;]<\/p>\n","protected":false},"author":1,"featured_media":0,"parent":71,"menu_order":0,"comment_status":"closed","ping_status":"closed","template":"","meta":{"ngg_post_thumbnail":0,"pgc_sgb_lightbox_settings":"","footnotes":""},"class_list":["post-812","page","type-page","status-publish","hentry"],"_links":{"self":[{"href":"https:\/\/dhkpgjp.al\/index.php\/wp-json\/wp\/v2\/pages\/812","targetHints":{"allow":["GET"]}}],"collection":[{"href":"https:\/\/dhkpgjp.al\/index.php\/wp-json\/wp\/v2\/pages"}],"about":[{"href":"https:\/\/dhkpgjp.al\/index.php\/wp-json\/wp\/v2\/types\/page"}],"author":[{"embeddable":true,"href":"https:\/\/dhkpgjp.al\/index.php\/wp-json\/wp\/v2\/users\/1"}],"replies":[{"embeddable":true,"href":"https:\/\/dhkpgjp.al\/index.php\/wp-json\/wp\/v2\/comments?post=812"}],"version-history":[{"count":1,"href":"https:\/\/dhkpgjp.al\/index.php\/wp-json\/wp\/v2\/pages\/812\/revisions"}],"predecessor-version":[{"id":813,"href":"https:\/\/dhkpgjp.al\/index.php\/wp-json\/wp\/v2\/pages\/812\/revisions\/813"}],"up":[{"embeddable":true,"href":"https:\/\/dhkpgjp.al\/index.php\/wp-json\/wp\/v2\/pages\/71"}],"wp:attachment":[{"href":"https:\/\/dhkpgjp.al\/index.php\/wp-json\/wp\/v2\/media?parent=812"}],"curies":[{"name":"wp","href":"https:\/\/api.w.org\/{rel}","templated":true}]}}