{"id":798,"date":"2023-04-06T16:11:34","date_gmt":"2023-04-06T14:11:34","guid":{"rendered":"http:\/\/38.242.238.213\/?page_id=798"},"modified":"2023-04-06T16:18:05","modified_gmt":"2023-04-06T14:18:05","slug":"udhezime","status":"publish","type":"page","link":"https:\/\/dhkpgjp.al\/index.php\/legjislacioni\/akte-nenligjore\/udhezime\/","title":{"rendered":"UDH\u00cbZIME"},"content":{"rendered":"<p><a title=\"Udhezim\" href=\"http:\/\/www.nchb.al\/wp-content\/uploads\/2014\/11\/udhezim-i-perbashket-i-tarifave-nr.385_2017.pdf\" target=\"_blank\" rel=\"noopener\"><strong>Udh\u00ebzim i p\u00ebrbashk\u00ebt nr. 385\/7, dat\u00eb 28.6.2017<\/strong>\u00a0<strong>\u201c<i>P\u00ebr caktimin e tarifave p\u00ebr sh\u00ebrbimet e ofruara nga sh\u00ebrbimi p\u00ebrmbarimor gjyq\u00ebsor privat\u201d<\/i><\/strong><\/a><\/p>\n<p><strong><a title=\"Udhezim\" href=\"http:\/\/www.nchb.al\/wp-content\/uploads\/2017\/11\/UDHEZIMI-I-RI-I-TRIFAVE-26.6.2017.pdf\" target=\"_blank\" rel=\"noopener\">Udh\u00ebzim i p\u00ebrbashk\u00ebt nr. 385\/6, dat\u00eb 26.6.2017 \u201cP\u00ebr p\u00ebrcaktimin e nivelit minimal dhe maksimal t\u00eb zbatimit t\u00eb vler\u00ebs s\u00eb tarif\u00ebs s\u00eb suksesit p\u00ebr veprimet p\u00ebrmbarimore t\u00eb ofruara nga sh\u00ebrbimi p\u00ebrmbarimor gjyq\u00ebsor privat\u201d<\/a><\/strong><\/p>\n<p><a href=\"http:\/\/www.nchb.al\/wp-content\/uploads\/2017\/12\/Udhezim-i-perbashket-MDMPB-22.05.2017.pdf\" target=\"_blank\" rel=\"noopener\"><b>Udh\u00ebzim nr. 289, dat\u00eb 19.5.2017\u00a0<\/b><i><span lang=\"EN-US\"><b>\u201cP\u00ebr procedurat e bashk\u00ebpunimit t\u00eb p\u00ebrmbaruesve gjyq\u00ebsor\u00eb privat\u00eb me Policin\u00eb e Shtetit\u201d<\/b><\/span><\/i><\/a><\/p>\n<p><strong><a href=\"http:\/\/www.nchb.al\/wp-content\/uploads\/2014\/12\/Udhezimi-i-KM-nr-5-dt-12.12.2012-p%C3%ABr-procedurat-e-ankandit.pdf\" target=\"_blank\" rel=\"noopener\">Udh\u00ebzim Nr.5, dat\u00eb 12.12.2012 \u201cP\u00ebr P\u00ebrcaktimin e Rregullave t\u00eb Hollesishme p\u00ebr Zhvillimin e Ankandit nga P\u00ebrmbaruesi Gjyq\u00ebsor\u201d<\/a><\/strong><\/p>\n<p><strong><a href=\"http:\/\/www.nchb.al\/wp-content\/uploads\/2017\/01\/Udhezim-7642.pdf\">Udh\u00ebzim nr. 7642, dat\u00eb 17.11.2016 \u201cP\u00ebr procedurat e ekzekutimit mbi nj\u00ebsit\u00eb individuale q\u00eb p\u00ebrb\u00ebjn\u00eb struktur\u00ebn q\u00eb do t\u00eb nd\u00ebrtohet dhe p\u00ebr t\u00eb cilat disponohen kontrata sip\u00ebrmarrjeje\/porosie\u201d.\u00a0<\/a><\/strong><\/p>\n<p><a href=\"http:\/\/www.nchb.al\/wp-content\/uploads\/2021\/04\/Udh%C3%ABzim-nr.-12-dat%C3%AB-17.7.2020.pdf\" target=\"_blank\" rel=\"noopener\"><strong>Udh\u00ebzim nr. 12, dat\u00eb 17.7.2020\u00a0<em>\u201c<\/em><\/strong><strong><em>P\u00ebr caktimin e procedur\u00ebs dhe afatet e dor\u00ebzimit t\u00eb dokumentacionit nga p\u00ebrmbaruesi gjyq\u00ebsor privat dhe\/ose zyrat e p\u00ebrmbarimit privat, t\u00eb arkivit dhe t\u00eb vul\u00ebs personale\u201d.<\/em><\/strong><strong><em>\u00a0<\/em><\/strong><\/a><\/p>\n<p><a href=\"http:\/\/www.nchb.al\/wp-content\/uploads\/2021\/04\/Udh%C3%ABzim-nr.-13-dat%C3%AB-17.7.2020.pdf\" target=\"_blank\" rel=\"noopener\"><strong>Udh\u00ebzim nr. 13, dat\u00eb 17.7.2020 \u201c<em>P\u00ebr miratimin e kritereve, procedurave t\u00eb p\u00ebrzgjedhjes dhe shp\u00ebrblimit t\u00eb ekspert\u00ebve t\u00eb jasht\u00ebm t\u00eb pavarur, t\u00eb cil\u00ebt angazhohen n\u00eb kryerjen e kontrolleve<\/em><\/strong>\u201d.<strong>\u00a0<\/strong><\/a><\/p>\n<p><a href=\"http:\/\/www.nchb.al\/wp-content\/uploads\/2021\/04\/Udh%C3%ABzim-nr.-137-dat%C3%AB-27.4.2020.pdf\" target=\"_blank\" rel=\"noopener\"><strong>Udh\u00ebzim nr. 137, dat\u00eb 27.4.2020 \u201c<em>P\u00ebr miratimin e rregullave t\u00eb holl\u00ebsishme p\u00ebr dokumentacionin dhe procedur\u00ebn e shqyrtimit t\u00eb k\u00ebrkes\u00ebs p\u00ebr pezullimin e p\u00ebrkohsh\u00ebm\u201d.<\/em><\/strong><\/a><\/p>\n<p><strong><a href=\"http:\/\/38.242.238.213\/wp-content\/uploads\/2023\/04\/UDHEZIM-NR.-2-DATE-31.3.2023.pdf\" target=\"_blank\" rel=\"noopener\"><span lang=\"SQ\">Udh\u00ebzim nr. 2, dat\u00eb 31.3.2023 \u201c<i>P\u00ebr caktimin e tarifave\u00a0<\/i><\/span><i><span lang=\"SQ\">t\u00eb veprimtaris\u00eb dyt\u00ebsore t\u00eb p\u00ebrmbaruesit gjyq\u00ebsor privat p\u00ebr kryerjen e\u00a0<\/span><\/i><i><span lang=\"SQ\">njoftimit\u00a0<\/span><\/i><i><span lang=\"SQ\">t\u00eb akteve gjyq\u00ebsore dhe dokumenteve<\/span><\/i><span lang=\"SQ\">\u201d.<\/span><\/a><\/strong><\/p>\n<p><strong><a href=\"http:\/\/38.242.238.213\/wp-content\/uploads\/2023\/04\/UDHEZIM-NR.-3-DATE-31.3.2023.pdf\" target=\"_blank\" rel=\"noopener\"><span lang=\"SQ\">Udh\u00ebzim nr. 3, dat\u00eb 31.3.2023 \u201c<i>P\u00ebr caktimin e tarifave\u00a0<\/i><\/span><i><span lang=\"SQ\">t\u00eb veprimtaris\u00eb dyt\u00ebsore t\u00eb p\u00ebrmbaruesit gjyq\u00ebsor privat p\u00ebr\u00a0<\/span><\/i><i><span lang=\"SQ\">shitjen e sendeve n\u00eb ankand publik<\/span><\/i><span lang=\"SQ\">\u201d.<\/span><\/a><\/strong><\/p>\n<p><a href=\"http:\/\/38.242.238.213\/wp-content\/uploads\/2023\/04\/UDHEZIM-NR.-4-DATE-31.3.2023_compressed.pdf\" target=\"_blank\" rel=\"noopener\"><strong><span lang=\"SQ\">Udh\u00ebzim nr. 4, dat\u00eb 31.3.2023 \u201c<i>P\u00ebr caktimin e tarifave t\u00eb\u00a0<\/i><\/span><i><span lang=\"SQ\">veprimtaris\u00eb dyt\u00ebsore t\u00eb p\u00ebrmbaruesit gjyq\u00ebsor privat p\u00ebr<\/span><\/i><i><span lang=\"SQ\">\u00a0kryerjen e konstatimeve t\u00eb fakteve, sendeve dhe dukurive leht\u00ebsisht t\u00eb verifikueshme, q\u00eb nuk k\u00ebrkojn\u00eb njohuri specifike teknike, sipas legjislacionit n\u00eb fuqi<\/span><\/i><span lang=\"SQ\">\u201d.<\/span><\/strong><\/a><\/p>\n<p><strong><a href=\"http:\/\/38.242.238.213\/wp-content\/uploads\/2023\/04\/UDHEZIM-NR.-5-DATE-31.3.2023.pdf\" target=\"_blank\" rel=\"noopener\"><span lang=\"SQ\">Udh\u00ebzim nr. 5, dat\u00eb 31.3.2023 \u201c<i>P\u00ebr caktimin e tarifave\u00a0<\/i><\/span><i><span lang=\"SQ\">t\u00eb veprimtaris\u00eb dyt\u00ebsore t\u00eb p\u00ebrmbaruesit gjyq\u00ebsor privat p\u00ebr kryerjen e njoftimit apo mbledhjes s\u00eb detyrimeve financiare me mir\u00ebkuptim<\/span><\/i><span lang=\"SQ\">\u201d.<\/span><\/a><\/strong><\/p>\n<p>&nbsp;<\/p>\n","protected":false},"excerpt":{"rendered":"<p>Udh\u00ebzim i p\u00ebrbashk\u00ebt nr. 385\/7, dat\u00eb 28.6.2017\u00a0\u201cP\u00ebr caktimin e tarifave p\u00ebr sh\u00ebrbimet e ofruara nga sh\u00ebrbimi p\u00ebrmbarimor gjyq\u00ebsor privat\u201d Udh\u00ebzim i p\u00ebrbashk\u00ebt nr. 385\/6, dat\u00eb 26.6.2017 \u201cP\u00ebr p\u00ebrcaktimin e nivelit minimal dhe maksimal t\u00eb zbatimit t\u00eb vler\u00ebs s\u00eb tarif\u00ebs s\u00eb suksesit p\u00ebr veprimet p\u00ebrmbarimore t\u00eb ofruara nga sh\u00ebrbimi p\u00ebrmbarimor gjyq\u00ebsor privat\u201d Udh\u00ebzim nr. 289, dat\u00eb [&hellip;]<\/p>\n","protected":false},"author":1,"featured_media":0,"parent":71,"menu_order":0,"comment_status":"closed","ping_status":"closed","template":"","meta":{"ngg_post_thumbnail":0,"pgc_sgb_lightbox_settings":"","footnotes":""},"class_list":["post-798","page","type-page","status-publish","hentry"],"_links":{"self":[{"href":"https:\/\/dhkpgjp.al\/index.php\/wp-json\/wp\/v2\/pages\/798","targetHints":{"allow":["GET"]}}],"collection":[{"href":"https:\/\/dhkpgjp.al\/index.php\/wp-json\/wp\/v2\/pages"}],"about":[{"href":"https:\/\/dhkpgjp.al\/index.php\/wp-json\/wp\/v2\/types\/page"}],"author":[{"embeddable":true,"href":"https:\/\/dhkpgjp.al\/index.php\/wp-json\/wp\/v2\/users\/1"}],"replies":[{"embeddable":true,"href":"https:\/\/dhkpgjp.al\/index.php\/wp-json\/wp\/v2\/comments?post=798"}],"version-history":[{"count":4,"href":"https:\/\/dhkpgjp.al\/index.php\/wp-json\/wp\/v2\/pages\/798\/revisions"}],"predecessor-version":[{"id":811,"href":"https:\/\/dhkpgjp.al\/index.php\/wp-json\/wp\/v2\/pages\/798\/revisions\/811"}],"up":[{"embeddable":true,"href":"https:\/\/dhkpgjp.al\/index.php\/wp-json\/wp\/v2\/pages\/71"}],"wp:attachment":[{"href":"https:\/\/dhkpgjp.al\/index.php\/wp-json\/wp\/v2\/media?parent=798"}],"curies":[{"name":"wp","href":"https:\/\/api.w.org\/{rel}","templated":true}]}}