{"id":71,"date":"2022-10-04T13:11:38","date_gmt":"2022-10-04T13:11:38","guid":{"rendered":"http:\/\/38.242.238.213\/?page_id=71"},"modified":"2022-11-22T12:48:54","modified_gmt":"2022-11-22T10:48:54","slug":"akte-nenligjore","status":"publish","type":"page","link":"https:\/\/dhkpgjp.al\/index.php\/legjislacioni\/akte-nenligjore\/","title":{"rendered":"AKTE N\u00cbNLIGJORE"},"content":{"rendered":"\n<p><a href=\"http:\/\/www.nchb.al\/legjislacioni\/akte-nenligjore\/udhezime\/\"><strong>Udh\u00ebzime<\/strong><\/a><br><a href=\"http:\/\/www.nchb.al\/legjislacioni\/akte-nenligjore\/urdhera\/\"><strong>Urdhra<\/strong><\/a><br><a href=\"http:\/\/www.nchb.al\/legjislacioni\/akte-nenligjore\/vkm\/\"><strong>VKM<\/strong><\/a><br><a href=\"http:\/\/www.nchb.al\/legjislacioni\/akte-nenligjore\/rregullore\/\"><strong>Rregullore<\/strong><\/a><br><a href=\"http:\/\/www.nchb.al\/legjislacioni\/akte-nenligjore\/marreveshje-bashkepunimi\/\"><strong>Marr\u00ebveshje Bashk\u00ebpunimi<\/strong><\/a><br><a href=\"http:\/\/www.nchb.al\/legjislacioni\/akte-nenligjore\/direktiva\/\"><strong>Direktiva<\/strong><\/a><br><strong><a href=\"http:\/\/www.nchb.al\/legjislacioni\/akte-nenligjore\/udhezues\/\">Udh\u00ebzues<\/a><\/strong><br><a href=\"http:\/\/www.nchb.al\/legjislacioni\/akte-nenligjore\/memorandum\/\"><strong>Memorandume<\/strong><\/a><br><a href=\"http:\/\/www.nchb.al\/legjislacioni\/akte-nenligjore\/kodi-etik\/\"><strong>Kodi Etik<\/strong><\/a><br><a href=\"http:\/\/www.nchb.al\/legjislacioni\/akte-nenligjore\/statuti-i-dhomes\/\"><strong>Statuti i Dhom\u00ebs<\/strong><\/a><br><a href=\"http:\/\/www.nchb.al\/legjislacioni\/akte-nenligjore\/standartet-e-monitorimit-dhe-inspektimit-permbarimor\/\"><strong>Standartet e Monitorimit dhe Inspektimit P\u00ebrmbarimor<\/strong><\/a><\/p>\n","protected":false},"excerpt":{"rendered":"<p>Udh\u00ebzimeUrdhraVKMRregulloreMarr\u00ebveshje Bashk\u00ebpunimiDirektivaUdh\u00ebzuesMemorandumeKodi EtikStatuti i Dhom\u00ebsStandartet e Monitorimit dhe Inspektimit P\u00ebrmbarimor<\/p>\n","protected":false},"author":1,"featured_media":0,"parent":31,"menu_order":3,"comment_status":"closed","ping_status":"closed","template":"template\/fullwidth.php","meta":{"ngg_post_thumbnail":0,"pgc_sgb_lightbox_settings":"","footnotes":""},"class_list":["post-71","page","type-page","status-publish","hentry"],"_links":{"self":[{"href":"https:\/\/dhkpgjp.al\/index.php\/wp-json\/wp\/v2\/pages\/71","targetHints":{"allow":["GET"]}}],"collection":[{"href":"https:\/\/dhkpgjp.al\/index.php\/wp-json\/wp\/v2\/pages"}],"about":[{"href":"https:\/\/dhkpgjp.al\/index.php\/wp-json\/wp\/v2\/types\/page"}],"author":[{"embeddable":true,"href":"https:\/\/dhkpgjp.al\/index.php\/wp-json\/wp\/v2\/users\/1"}],"replies":[{"embeddable":true,"href":"https:\/\/dhkpgjp.al\/index.php\/wp-json\/wp\/v2\/comments?post=71"}],"version-history":[{"count":5,"href":"https:\/\/dhkpgjp.al\/index.php\/wp-json\/wp\/v2\/pages\/71\/revisions"}],"predecessor-version":[{"id":718,"href":"https:\/\/dhkpgjp.al\/index.php\/wp-json\/wp\/v2\/pages\/71\/revisions\/718"}],"up":[{"embeddable":true,"href":"https:\/\/dhkpgjp.al\/index.php\/wp-json\/wp\/v2\/pages\/31"}],"wp:attachment":[{"href":"https:\/\/dhkpgjp.al\/index.php\/wp-json\/wp\/v2\/media?parent=71"}],"curies":[{"name":"wp","href":"https:\/\/api.w.org\/{rel}","templated":true}]}}