{"id":69,"date":"2022-10-04T13:10:47","date_gmt":"2022-10-04T13:10:47","guid":{"rendered":"http:\/\/38.242.238.213\/?page_id=69"},"modified":"2022-10-05T17:49:09","modified_gmt":"2022-10-05T17:49:09","slug":"ligje","status":"publish","type":"page","link":"https:\/\/dhkpgjp.al\/index.php\/legjislacioni\/ligje\/","title":{"rendered":"LIGJE"},"content":{"rendered":"\n<p>K\u00ebtu do t\u00eb gjeni list\u00ebn e ligjeve baz\u00eb t\u00eb sherbimit permbarimor privat miratuar nga Kuvendi i Republikes se Shqiperise dhe amendimet p\u00ebrkat\u00ebse.<\/p>\n\n\n\n<ul class=\"wp-block-list\"><li><a href=\"http:\/\/www.nchb.al\/wp-content\/uploads\/2019\/10\/Ligj-nr.-26-2019-dt.-8.5.2019-Per-sherbimin-permbarimor-privat.pdf\" target=\"_blank\" rel=\"noreferrer noopener\"><strong>Ligj Nr.26\/2019, dat\u00eb 8.5.2019 \u201cP\u00ebr Sh\u00ebrbimin P\u00ebrmbarimor Gjyq\u00ebsor Privat\u201d<\/strong><\/a><\/li><li><strong><a href=\"http:\/\/www.nchb.al\/wp-content\/uploads\/2021\/04\/Kushtetuta-e-RSH-2020.pdf\" target=\"_blank\" rel=\"noreferrer noopener\">Kushtetuta e Republik\u00ebs s\u00eb Shqip\u00ebris\u00eb<\/a><\/strong><\/li><li><strong><a href=\"http:\/\/www.nchb.al\/wp-content\/uploads\/2021\/04\/Kodi-i-Procedurave-Administrative.pdf\" target=\"_blank\" rel=\"noreferrer noopener\">Kodi i Procedurave Administrative<\/a><\/strong><\/li><li><strong><a href=\"http:\/\/www.nchb.al\/wp-content\/uploads\/2021\/04\/Ligj-Per-Permbarimin-Shteteror-nr.-8730-dt.-18.01.2001-i-perditesuar.pdf\" target=\"_blank\" rel=\"noreferrer noopener\">Ligj Nr.8730, dat\u00eb 18.1.2001 \u201cP\u00ebr Organizimin dhe Funksionimin e Sh\u00ebrbimit t\u00eb P\u00ebrmbarimit Gjyq\u00ebsor\u201d<\/a><\/strong><\/li><li><a href=\"http:\/\/www.nchb.al\/wp-content\/uploads\/2021\/04\/Kodi-Doganor-i-RSH.pdf\" target=\"_blank\" rel=\"noreferrer noopener\"><strong>Kodi Doganor&nbsp;<\/strong><\/a><\/li><li><strong><a href=\"http:\/\/www.nchb.al\/wp-content\/uploads\/2021\/04\/Kodi-Civil.pdf\" target=\"_blank\" rel=\"noreferrer noopener\">Kodi Civil i Republik\u00ebs s\u00eb Shqip\u00ebris\u00eb<\/a><\/strong><\/li><li><a href=\"http:\/\/www.nchb.al\/wp-content\/uploads\/2021\/04\/Kodi-i-Procedures-Civile.pdf\" target=\"_blank\" rel=\"noreferrer noopener\"><strong>Kodi i Procedur\u00ebs Civile i Republik\u00ebs S\u00eb Shqip\u00ebris\u00eb<\/strong><\/a><\/li><li><a href=\"http:\/\/www.nchb.al\/wp-content\/uploads\/2021\/04\/Kodi-Rrugor-2019.pdf\" target=\"_blank\" rel=\"noreferrer noopener\"><strong>Kodi Rrugor<\/strong><\/a><\/li><li><a href=\"http:\/\/www.nchb.al\/wp-content\/uploads\/2021\/04\/Kodi-i-Familjes.pdf\" target=\"_blank\" rel=\"noreferrer noopener\"><strong>Kodi Familjes<\/strong><\/a><\/li><li><strong><a href=\"http:\/\/www.nchb.al\/wp-content\/uploads\/2021\/04\/Kodi-Penal.pdf\" target=\"_blank\" rel=\"noreferrer noopener\">Kodi Penal i Republik\u00ebs S\u00eb Shqip\u00ebris\u00eb<\/a><\/strong><\/li><li><strong><a href=\"http:\/\/www.nchb.al\/wp-content\/uploads\/2021\/04\/Kodi-i-Procedures-penale.pdf\" target=\"_blank\" rel=\"noreferrer noopener\">Kodi i Procedur\u00ebs Penale i Republik\u00ebs s\u00eb Shqip\u00ebris\u00eb<\/a><\/strong><\/li><li><a href=\"http:\/\/www.nchb.al\/wp-content\/uploads\/2021\/04\/Kodi-i-Pun%C3%ABs.pdf\" target=\"_blank\" rel=\"noreferrer noopener\"><strong>Kodi Pun\u00ebs<\/strong><\/a><\/li><li><a href=\"http:\/\/www.nchb.al\/wp-content\/uploads\/2021\/04\/Ligj-Per-Gjykaten-Administrative-49_2012-perditesuar2017.pdf\" target=\"_blank\" rel=\"noreferrer noopener\"><strong>Ligji nr. 49\/2012 \u201cP\u00ebr organizimin dhe funksionimin e gjykatave administrative dhe gjykimin e&nbsp;<\/strong><strong>mosmarveshjeve administrative\u201d<\/strong><\/a><\/li><li><a href=\"http:\/\/www.nchb.al\/wp-content\/uploads\/2021\/04\/Ligji-per-Bankat-i-perditsuar-2016.pdf\" target=\"_blank\" rel=\"noreferrer noopener\"><strong>Ligji p\u00ebr Bankat<\/strong><\/a><\/li><li><a href=\"http:\/\/www.nchb.al\/wp-content\/uploads\/2021\/04\/Ligj.-nr.-20-2020-Per-perfundimin-e-procesit-kalimtar-te-pronesise-ne-RSH.pdf\" target=\"_blank\" rel=\"noreferrer noopener\"><strong>Ligji nr 20\/2020 dt. 5 3 2020 \u201cPer perfundimin e e proceseve kalimtare te pronesise ne&nbsp;<\/strong><strong>Republiken e Shqiperise\u201d<\/strong><\/a><\/li><li><strong><a href=\"http:\/\/www.nchb.al\/wp-content\/uploads\/2014\/12\/LIGJ-Nr-78-viti-2014.pdf\">Ligj Nr. 78\/2014 \u201cP\u00ebr Organizimin dhe Funksionimin e Q\u00ebndr\u00ebs s\u00eb Botimeve Zyr\u00ebtare\u201d<\/a><\/strong><\/li><li><strong><a href=\"http:\/\/www.nchb.al\/wp-content\/uploads\/2021\/04\/ligji-nr.-25-2019-Per-organizimin-dhe-funksionimin-e-policise-gjyqesore.pdf\" target=\"_blank\" rel=\"noreferrer noopener\">Ligj Nr.&nbsp;25\/2019 \u201cP\u00ebr Organizimin dhe Funksionimin e Policis\u00eb Gjyq\u00ebsore\u201d<\/a><\/strong><\/li><li><a href=\"http:\/\/www.nchb.al\/wp-content\/uploads\/2021\/04\/Ligj-Per-Profesionin-e-Avokatit-55-2018.pdf\" target=\"_blank\" rel=\"noreferrer noopener\"><strong>Ligji nr. 55\/2018, dat\u00eb 23.7.2018 \u201cP\u00ebr profesionin e avokatit n\u00eb Republik\u00ebn e Shqip\u00ebris\u00eb\u201d<\/strong><\/a><\/li><li><strong><a href=\"http:\/\/www.nchb.al\/wp-content\/uploads\/2021\/04\/Ligj-nr.-110-2018-Per-Noterine.pdf\" target=\"_blank\" rel=\"noreferrer noopener\">Ligj Nr.110\/2018&nbsp;\u201cP\u00ebr Noterin\u00eb\u201d<\/a><\/strong><\/li><li><a href=\"http:\/\/www.nchb.al\/wp-content\/uploads\/2021\/04\/ligj-nr.-98-dt.-6.10.2016-P%C3%ABr-Organizimin-e-Pushtetit-Gjyq%C3%ABsor-n%C3%AB-Republik%C3%ABn-e-Shqip%C3%ABris%C3%AB.pdf\" target=\"_blank\" rel=\"noreferrer noopener\"><strong>Ligji nr. 98\/2016 \u201cP\u00ebr Organizimin e Pushtetit Gjyq\u00ebsor n\u00eb Republik\u00ebn e Shqip\u00ebris\u00eb<\/strong><\/a><\/li><li><a href=\"http:\/\/www.nchb.al\/wp-content\/uploads\/2021\/04\/Ligji-nr.-115-2016-Per-Organet-e-Qeverisjes-se-Sistemit-te-Drejtesise-Azhonuar-2019.pdf\" target=\"_blank\" rel=\"noreferrer noopener\"><strong>Ligji nr. 115-2016 Per Organet e Qeverisjes se Sistemit te Drejtesise (Azhonuar 2019)<\/strong><\/a><\/li><li><a href=\"http:\/\/www.nchb.al\/wp-content\/uploads\/2021\/04\/Ligj-nr.-8678-dt.-14.05.2001-Per-Organizimin-dhe-Funksionimin-e-Ministrise-se-Drejtesise-2017.pdf\" target=\"_blank\" rel=\"noreferrer noopener\"><strong>Ligj nr. 8678, dt. 14.05.2001 \u201cP\u00ebr Organizimin dhe funksionimin e Ministris\u00eb s\u00eb Drejt\u00ebsis\u00eb\u201d<\/strong><\/a><\/li><li><a href=\"http:\/\/www.nchb.al\/wp-content\/uploads\/2021\/04\/Ligj-Per-tarifat-gjyqesore-nr.-98-2017.pdf\" target=\"_blank\" rel=\"noreferrer noopener\"><strong>Ligj nr. 98\/2017 \u201cP\u00ebr tarifat gjyq\u00ebsore\u201d<\/strong><\/a><\/li><li><a href=\"http:\/\/www.nchb.al\/wp-content\/uploads\/2021\/04\/Ligj-nr.-152-2013-Per-Nepunesin-Civil-ne-RSH-i-azhornuar-2017.pdf\" target=\"_blank\" rel=\"noreferrer noopener\"><strong>Ligji nr. 152\/2013 \u201cP\u00ebr N\u00ebpun\u00ebsin Civil\u201d<\/strong><\/a><\/li><li><a href=\"http:\/\/www.nchb.al\/wp-content\/uploads\/2021\/04\/Ligji-nr.110-2016-P%C3%ABr-falimentimin-dhe-akte-n%C3%ABnligjore-per-zbatimin-e-tij.pdf\" target=\"_blank\" rel=\"noreferrer noopener\"><strong>Ligji nr. 110-2016 P\u00ebr falimentimin dhe akte n\u00ebnligjore per zbatimin e tij<\/strong><\/a><\/li><li><a href=\"http:\/\/www.nchb.al\/wp-content\/uploads\/2021\/04\/ligji-nr.-108_2014-Per-Policine-e-Shtetit.pdf\" target=\"_blank\" rel=\"noreferrer noopener\"><strong>Ligji nr. 108\/2014 \u201cP\u00ebr Policin\u00eb e Shtetit\u201d<\/strong><\/a><\/li><li><a href=\"http:\/\/www.nchb.al\/wp-content\/uploads\/2021\/04\/Ligj-nr.-111-2018-dt.-20.12.2018-Per-Kadastren.pdf\" target=\"_blank\" rel=\"noreferrer noopener\"><strong>Ligji nr. 111\/2018 \u201cP\u00ebr kadastr\u00ebn\u201d<\/strong><\/a><\/li><li><strong><a href=\"http:\/\/www.nchb.al\/wp-content\/uploads\/2014\/12\/Ligji_drejten_nderkombetare_private.pdf\" target=\"_blank\" rel=\"noreferrer noopener\">Ligj Nr.10 428, dat\u00eb 2.6.2011 \u201cP\u00ebr t\u00eb Drejt\u00ebn Nd\u00ebrkomb\u00ebtare Private\u201d<\/a><\/strong><\/li><li><a href=\"http:\/\/www.nchb.al\/wp-content\/uploads\/2021\/04\/VENDIM-i-KLGJ-NR.-641Dt.-23.12.2020-MASAT-E-TARIFAVE-GJYQ%C3%8BSORE.pdf\" target=\"_blank\" rel=\"noreferrer noopener\"><strong>VENDIM i KLGJ \u2013 NR. 641,Dt. 23.12.2020 \u201cMASAT E TARIFAVE GJYQ\u00cbSORE\u201d<\/strong><\/a><\/li><\/ul>\n","protected":false},"excerpt":{"rendered":"<p>K\u00ebtu do t\u00eb gjeni list\u00ebn e ligjeve baz\u00eb t\u00eb sherbimit permbarimor privat miratuar nga Kuvendi i Republikes se Shqiperise dhe amendimet p\u00ebrkat\u00ebse. Ligj Nr.26\/2019, dat\u00eb 8.5.2019 \u201cP\u00ebr Sh\u00ebrbimin P\u00ebrmbarimor Gjyq\u00ebsor Privat\u201d Kushtetuta e Republik\u00ebs s\u00eb Shqip\u00ebris\u00eb Kodi i Procedurave Administrative Ligj Nr.8730, dat\u00eb 18.1.2001 \u201cP\u00ebr Organizimin dhe Funksionimin e Sh\u00ebrbimit t\u00eb P\u00ebrmbarimit Gjyq\u00ebsor\u201d Kodi Doganor&nbsp; [&hellip;]<\/p>\n","protected":false},"author":1,"featured_media":0,"parent":31,"menu_order":2,"comment_status":"closed","ping_status":"closed","template":"template\/fullwidth.php","meta":{"ngg_post_thumbnail":0,"pgc_sgb_lightbox_settings":"","footnotes":""},"class_list":["post-69","page","type-page","status-publish","hentry"],"_links":{"self":[{"href":"https:\/\/dhkpgjp.al\/index.php\/wp-json\/wp\/v2\/pages\/69","targetHints":{"allow":["GET"]}}],"collection":[{"href":"https:\/\/dhkpgjp.al\/index.php\/wp-json\/wp\/v2\/pages"}],"about":[{"href":"https:\/\/dhkpgjp.al\/index.php\/wp-json\/wp\/v2\/types\/page"}],"author":[{"embeddable":true,"href":"https:\/\/dhkpgjp.al\/index.php\/wp-json\/wp\/v2\/users\/1"}],"replies":[{"embeddable":true,"href":"https:\/\/dhkpgjp.al\/index.php\/wp-json\/wp\/v2\/comments?post=69"}],"version-history":[{"count":1,"href":"https:\/\/dhkpgjp.al\/index.php\/wp-json\/wp\/v2\/pages\/69\/revisions"}],"predecessor-version":[{"id":70,"href":"https:\/\/dhkpgjp.al\/index.php\/wp-json\/wp\/v2\/pages\/69\/revisions\/70"}],"up":[{"embeddable":true,"href":"https:\/\/dhkpgjp.al\/index.php\/wp-json\/wp\/v2\/pages\/31"}],"wp:attachment":[{"href":"https:\/\/dhkpgjp.al\/index.php\/wp-json\/wp\/v2\/media?parent=69"}],"curies":[{"name":"wp","href":"https:\/\/api.w.org\/{rel}","templated":true}]}}