{"id":67,"date":"2022-10-04T13:10:10","date_gmt":"2022-10-04T13:10:10","guid":{"rendered":"http:\/\/38.242.238.213\/?page_id=67"},"modified":"2022-10-06T17:38:27","modified_gmt":"2022-10-06T15:38:27","slug":"kushtetuta-r-sh","status":"publish","type":"page","link":"https:\/\/dhkpgjp.al\/index.php\/legjislacioni\/kushtetuta-r-sh\/","title":{"rendered":"KUSHTETUTA E REPUBLIK\u00cbS S\u00cb SHQIP\u00cbRIS\u00cb"},"content":{"rendered":"\n<p><a href=\"http:\/\/38.242.238.213\/wp-content\/uploads\/2022\/10\/Kushtetuta-e-RSH-2020.pdf\" target=\"_blank\" rel=\"noreferrer noopener\">Kushtetuta e Republik\u00ebs s\u00eb Shqip\u00ebris\u00eb<\/a><\/p>\n","protected":false},"excerpt":{"rendered":"<p>Kushtetuta e Republik\u00ebs s\u00eb Shqip\u00ebris\u00eb<\/p>\n","protected":false},"author":1,"featured_media":0,"parent":31,"menu_order":1,"comment_status":"closed","ping_status":"closed","template":"template\/fullwidth.php","meta":{"ngg_post_thumbnail":0,"pgc_sgb_lightbox_settings":"","footnotes":""},"class_list":["post-67","page","type-page","status-publish","hentry"],"_links":{"self":[{"href":"https:\/\/dhkpgjp.al\/index.php\/wp-json\/wp\/v2\/pages\/67","targetHints":{"allow":["GET"]}}],"collection":[{"href":"https:\/\/dhkpgjp.al\/index.php\/wp-json\/wp\/v2\/pages"}],"about":[{"href":"https:\/\/dhkpgjp.al\/index.php\/wp-json\/wp\/v2\/types\/page"}],"author":[{"embeddable":true,"href":"https:\/\/dhkpgjp.al\/index.php\/wp-json\/wp\/v2\/users\/1"}],"replies":[{"embeddable":true,"href":"https:\/\/dhkpgjp.al\/index.php\/wp-json\/wp\/v2\/comments?post=67"}],"version-history":[{"count":3,"href":"https:\/\/dhkpgjp.al\/index.php\/wp-json\/wp\/v2\/pages\/67\/revisions"}],"predecessor-version":[{"id":487,"href":"https:\/\/dhkpgjp.al\/index.php\/wp-json\/wp\/v2\/pages\/67\/revisions\/487"}],"up":[{"embeddable":true,"href":"https:\/\/dhkpgjp.al\/index.php\/wp-json\/wp\/v2\/pages\/31"}],"wp:attachment":[{"href":"https:\/\/dhkpgjp.al\/index.php\/wp-json\/wp\/v2\/media?parent=67"}],"curies":[{"name":"wp","href":"https:\/\/api.w.org\/{rel}","templated":true}]}}