{"id":57,"date":"2025-02-04T13:06:36","date_gmt":"2025-02-04T11:06:36","guid":{"rendered":"http:\/\/38.242.238.213\/?page_id=57"},"modified":"2026-02-15T23:07:53","modified_gmt":"2026-02-15T21:07:53","slug":"lista-e-p-gj-p-zevendesues","status":"publish","type":"page","link":"https:\/\/dhkpgjp.al\/index.php\/struktura\/lista-e-p-gj-p-zevendesues\/","title":{"rendered":"LISTA E P\u00cbRMBARUESVE GJYQ\u00cbSOR\u00cb PRIVAT\u00cb Z\u00cbVEND\u00cbSUES"},"content":{"rendered":"<div class=\"wp-block-image\">\r\n<figure class=\"aligncenter size-full\"><img loading=\"lazy\" decoding=\"async\" class=\"aligncenter size-full wp-image-1201\" src=\"https:\/\/dhkpgjp.al\/wp-content\/uploads\/2026\/02\/Lista-e-zevendespermbaruesve-2026_page-0001.jpg\" alt=\"\" width=\"1241\" height=\"1755\"><\/figure>\r\n<\/div>","protected":false},"excerpt":{"rendered":"","protected":false},"author":1,"featured_media":0,"parent":35,"menu_order":6,"comment_status":"closed","ping_status":"closed","template":"template\/fullwidth.php","meta":{"ngg_post_thumbnail":0,"pgc_sgb_lightbox_settings":"","footnotes":""},"class_list":["post-57","page","type-page","status-publish","hentry"],"_links":{"self":[{"href":"https:\/\/dhkpgjp.al\/index.php\/wp-json\/wp\/v2\/pages\/57","targetHints":{"allow":["GET"]}}],"collection":[{"href":"https:\/\/dhkpgjp.al\/index.php\/wp-json\/wp\/v2\/pages"}],"about":[{"href":"https:\/\/dhkpgjp.al\/index.php\/wp-json\/wp\/v2\/types\/page"}],"author":[{"embeddable":true,"href":"https:\/\/dhkpgjp.al\/index.php\/wp-json\/wp\/v2\/users\/1"}],"replies":[{"embeddable":true,"href":"https:\/\/dhkpgjp.al\/index.php\/wp-json\/wp\/v2\/comments?post=57"}],"version-history":[{"count":10,"href":"https:\/\/dhkpgjp.al\/index.php\/wp-json\/wp\/v2\/pages\/57\/revisions"}],"predecessor-version":[{"id":1260,"href":"https:\/\/dhkpgjp.al\/index.php\/wp-json\/wp\/v2\/pages\/57\/revisions\/1260"}],"up":[{"embeddable":true,"href":"https:\/\/dhkpgjp.al\/index.php\/wp-json\/wp\/v2\/pages\/35"}],"wp:attachment":[{"href":"https:\/\/dhkpgjp.al\/index.php\/wp-json\/wp\/v2\/media?parent=57"}],"curies":[{"name":"wp","href":"https:\/\/api.w.org\/{rel}","templated":true}]}}