{"id":561,"date":"2022-10-06T20:00:52","date_gmt":"2022-10-06T18:00:52","guid":{"rendered":"http:\/\/38.242.238.213\/?page_id=561"},"modified":"2023-05-22T15:13:27","modified_gmt":"2023-05-22T13:13:27","slug":"njoftimi-i-akteve-gjyqesore-dhe-dokumenteve-zyrtare","status":"publish","type":"page","link":"https:\/\/dhkpgjp.al\/index.php\/aktivitete-mbledhje\/njoftimi-i-akteve-gjyqesore-dhe-dokumenteve-zyrtare\/","title":{"rendered":"NJOFTIMI I AKTEVE"},"content":{"rendered":"<ul>\n<li>Udh\u00ebzim nr. 2, dat\u00eb 31.3.2023 \u201c<i>P\u00ebr caktimin e tarifave\u00a0t\u00eb veprimtaris\u00eb dyt\u00ebsore t\u00eb p\u00ebrmbaruesit gjyq\u00ebsor privat p\u00ebr kryerjen e\u00a0njoftimit\u00a0t\u00eb akteve gjyq\u00ebsore dhe dokumenteve<\/i>\u201d.<\/li>\n<\/ul>\n","protected":false},"excerpt":{"rendered":"<p>Udh\u00ebzim nr. 2, dat\u00eb 31.3.2023 \u201cP\u00ebr caktimin e tarifave\u00a0t\u00eb veprimtaris\u00eb dyt\u00ebsore t\u00eb p\u00ebrmbaruesit gjyq\u00ebsor privat p\u00ebr kryerjen e\u00a0njoftimit\u00a0t\u00eb akteve gjyq\u00ebsore dhe dokumenteve\u201d.<\/p>\n","protected":false},"author":1,"featured_media":0,"parent":33,"menu_order":0,"comment_status":"closed","ping_status":"closed","template":"","meta":{"ngg_post_thumbnail":0,"pgc_sgb_lightbox_settings":"","footnotes":""},"class_list":["post-561","page","type-page","status-publish","hentry"],"_links":{"self":[{"href":"https:\/\/dhkpgjp.al\/index.php\/wp-json\/wp\/v2\/pages\/561","targetHints":{"allow":["GET"]}}],"collection":[{"href":"https:\/\/dhkpgjp.al\/index.php\/wp-json\/wp\/v2\/pages"}],"about":[{"href":"https:\/\/dhkpgjp.al\/index.php\/wp-json\/wp\/v2\/types\/page"}],"author":[{"embeddable":true,"href":"https:\/\/dhkpgjp.al\/index.php\/wp-json\/wp\/v2\/users\/1"}],"replies":[{"embeddable":true,"href":"https:\/\/dhkpgjp.al\/index.php\/wp-json\/wp\/v2\/comments?post=561"}],"version-history":[{"count":4,"href":"https:\/\/dhkpgjp.al\/index.php\/wp-json\/wp\/v2\/pages\/561\/revisions"}],"predecessor-version":[{"id":836,"href":"https:\/\/dhkpgjp.al\/index.php\/wp-json\/wp\/v2\/pages\/561\/revisions\/836"}],"up":[{"embeddable":true,"href":"https:\/\/dhkpgjp.al\/index.php\/wp-json\/wp\/v2\/pages\/33"}],"wp:attachment":[{"href":"https:\/\/dhkpgjp.al\/index.php\/wp-json\/wp\/v2\/media?parent=561"}],"curies":[{"name":"wp","href":"https:\/\/api.w.org\/{rel}","templated":true}]}}