{"id":559,"date":"2022-10-06T19:59:34","date_gmt":"2022-10-06T17:59:34","guid":{"rendered":"http:\/\/38.242.238.213\/?page_id=559"},"modified":"2023-05-22T15:20:01","modified_gmt":"2023-05-22T13:20:01","slug":"ankande-publike","status":"publish","type":"page","link":"https:\/\/dhkpgjp.al\/index.php\/aktivitete-mbledhje\/ankande-publike\/","title":{"rendered":"ANKANDE PUBLIKE"},"content":{"rendered":"<ul>\n<li style=\"font-weight: 400;\"><a href=\"http:\/\/38.242.238.213\/wp-content\/uploads\/2023\/05\/UDHEZIM-NR.-3-DATE-31.3.2023.pdf\" target=\"_blank\" rel=\"noopener\">Udh\u00ebzim nr. 3, dat\u00eb 31.3.2023 \u201c<em>P\u00ebr caktimin e tarifave\u00a0t\u00eb veprimtaris\u00eb dyt\u00ebsore t\u00eb p\u00ebrmbaruesit gjyq\u00ebsor privat p\u00ebr\u00a0shitjen e sendeve n\u00eb ankand publik<\/em>\u201d.<\/a><\/li>\n<li style=\"font-weight: 400;\">Urdh\u00ebr nr. 241, dat\u00eb 31.3.2023 \u201c<em>P\u00ebr miratimin e modelit t\u00eb kontrat\u00ebs q\u00eb lidhet midis p\u00ebrmbaruesit gjyq\u00ebsor privat dhe pal\u00ebs s\u00eb interesuar p\u00ebr shitjen e sendeve n\u00eb ankand publik\u201d.<\/em><\/li>\n<\/ul>\n","protected":false},"excerpt":{"rendered":"<p>Udh\u00ebzim nr. 3, dat\u00eb 31.3.2023 \u201cP\u00ebr caktimin e tarifave\u00a0t\u00eb veprimtaris\u00eb dyt\u00ebsore t\u00eb p\u00ebrmbaruesit gjyq\u00ebsor privat p\u00ebr\u00a0shitjen e sendeve n\u00eb ankand publik\u201d. Urdh\u00ebr nr. 241, dat\u00eb 31.3.2023 \u201cP\u00ebr miratimin e modelit t\u00eb kontrat\u00ebs q\u00eb lidhet midis p\u00ebrmbaruesit gjyq\u00ebsor privat dhe pal\u00ebs s\u00eb interesuar p\u00ebr shitjen e sendeve n\u00eb ankand publik\u201d.<\/p>\n","protected":false},"author":1,"featured_media":0,"parent":33,"menu_order":0,"comment_status":"closed","ping_status":"closed","template":"","meta":{"ngg_post_thumbnail":0,"pgc_sgb_lightbox_settings":"","footnotes":""},"class_list":["post-559","page","type-page","status-publish","hentry"],"_links":{"self":[{"href":"https:\/\/dhkpgjp.al\/index.php\/wp-json\/wp\/v2\/pages\/559","targetHints":{"allow":["GET"]}}],"collection":[{"href":"https:\/\/dhkpgjp.al\/index.php\/wp-json\/wp\/v2\/pages"}],"about":[{"href":"https:\/\/dhkpgjp.al\/index.php\/wp-json\/wp\/v2\/types\/page"}],"author":[{"embeddable":true,"href":"https:\/\/dhkpgjp.al\/index.php\/wp-json\/wp\/v2\/users\/1"}],"replies":[{"embeddable":true,"href":"https:\/\/dhkpgjp.al\/index.php\/wp-json\/wp\/v2\/comments?post=559"}],"version-history":[{"count":3,"href":"https:\/\/dhkpgjp.al\/index.php\/wp-json\/wp\/v2\/pages\/559\/revisions"}],"predecessor-version":[{"id":843,"href":"https:\/\/dhkpgjp.al\/index.php\/wp-json\/wp\/v2\/pages\/559\/revisions\/843"}],"up":[{"embeddable":true,"href":"https:\/\/dhkpgjp.al\/index.php\/wp-json\/wp\/v2\/pages\/33"}],"wp:attachment":[{"href":"https:\/\/dhkpgjp.al\/index.php\/wp-json\/wp\/v2\/media?parent=559"}],"curies":[{"name":"wp","href":"https:\/\/api.w.org\/{rel}","templated":true}]}}