{"id":557,"date":"2022-10-06T19:58:18","date_gmt":"2022-10-06T17:58:18","guid":{"rendered":"http:\/\/38.242.238.213\/?page_id=557"},"modified":"2023-05-22T15:18:01","modified_gmt":"2023-05-22T13:18:01","slug":"mbledhja-e-detyrimeve-financiare-m","status":"publish","type":"page","link":"https:\/\/dhkpgjp.al\/index.php\/aktivitete-mbledhje\/mbledhja-e-detyrimeve-financiare-m\/","title":{"rendered":"MBLEDHJA E DETYRIMEVE FINANCIARE (M)"},"content":{"rendered":"<ul>\n<li style=\"font-weight: 400;\"><a href=\"http:\/\/38.242.238.213\/wp-content\/uploads\/2023\/05\/UDHEZIM-NR.-5-DATE-31.3.2023.pdf\" target=\"_blank\" rel=\"noopener\">Udh\u00ebzim nr. 5, dat\u00eb 31.3.2023 \u201c<em>P\u00ebr caktimin e tarifave\u00a0t\u00eb veprimtaris\u00eb dyt\u00ebsore t\u00eb p\u00ebrmbaruesit gjyq\u00ebsor privat p\u00ebr kryerjen e njoftimit apo mbledhjes s\u00eb detyrimeve financiare me mir\u00ebkuptim<\/em>\u201d.<\/a><\/li>\n<li style=\"font-weight: 400;\">Urdh\u00ebr nr. 242, dat\u00eb 31.3.2023 \u201c<em>P\u00ebr miratimin e modelit t\u00eb kontrat\u00ebs q\u00eb lidhet midis p\u00ebrmbaruesit gjyq\u00ebsor privat dhe pal\u00ebs s\u00eb interesuar p\u00ebr njoftimin dhe mbledhjen e detyrimeve financiare me mir\u00ebkuptim<\/em>\u201d.<\/li>\n<\/ul>\n","protected":false},"excerpt":{"rendered":"<p>Udh\u00ebzim nr. 5, dat\u00eb 31.3.2023 \u201cP\u00ebr caktimin e tarifave\u00a0t\u00eb veprimtaris\u00eb dyt\u00ebsore t\u00eb p\u00ebrmbaruesit gjyq\u00ebsor privat p\u00ebr kryerjen e njoftimit apo mbledhjes s\u00eb detyrimeve financiare me mir\u00ebkuptim\u201d. Urdh\u00ebr nr. 242, dat\u00eb 31.3.2023 \u201cP\u00ebr miratimin e modelit t\u00eb kontrat\u00ebs q\u00eb lidhet midis p\u00ebrmbaruesit gjyq\u00ebsor privat dhe pal\u00ebs s\u00eb interesuar p\u00ebr njoftimin dhe mbledhjen e detyrimeve financiare me [&hellip;]<\/p>\n","protected":false},"author":1,"featured_media":0,"parent":33,"menu_order":0,"comment_status":"closed","ping_status":"closed","template":"","meta":{"ngg_post_thumbnail":0,"pgc_sgb_lightbox_settings":"","footnotes":""},"class_list":["post-557","page","type-page","status-publish","hentry"],"_links":{"self":[{"href":"https:\/\/dhkpgjp.al\/index.php\/wp-json\/wp\/v2\/pages\/557","targetHints":{"allow":["GET"]}}],"collection":[{"href":"https:\/\/dhkpgjp.al\/index.php\/wp-json\/wp\/v2\/pages"}],"about":[{"href":"https:\/\/dhkpgjp.al\/index.php\/wp-json\/wp\/v2\/types\/page"}],"author":[{"embeddable":true,"href":"https:\/\/dhkpgjp.al\/index.php\/wp-json\/wp\/v2\/users\/1"}],"replies":[{"embeddable":true,"href":"https:\/\/dhkpgjp.al\/index.php\/wp-json\/wp\/v2\/comments?post=557"}],"version-history":[{"count":3,"href":"https:\/\/dhkpgjp.al\/index.php\/wp-json\/wp\/v2\/pages\/557\/revisions"}],"predecessor-version":[{"id":842,"href":"https:\/\/dhkpgjp.al\/index.php\/wp-json\/wp\/v2\/pages\/557\/revisions\/842"}],"up":[{"embeddable":true,"href":"https:\/\/dhkpgjp.al\/index.php\/wp-json\/wp\/v2\/pages\/33"}],"wp:attachment":[{"href":"https:\/\/dhkpgjp.al\/index.php\/wp-json\/wp\/v2\/media?parent=557"}],"curies":[{"name":"wp","href":"https:\/\/api.w.org\/{rel}","templated":true}]}}