{"id":555,"date":"2022-10-06T19:56:40","date_gmt":"2022-10-06T17:56:40","guid":{"rendered":"http:\/\/38.242.238.213\/?page_id=555"},"modified":"2023-05-22T15:14:50","modified_gmt":"2023-05-22T13:14:50","slug":"konstatimi-i-fakteve","status":"publish","type":"page","link":"https:\/\/dhkpgjp.al\/index.php\/aktivitete-mbledhje\/konstatimi-i-fakteve\/","title":{"rendered":"KONSTATIMI I FAKTEVE"},"content":{"rendered":"<ul>\n<li style=\"font-weight: 400;\">Udh\u00ebzim nr. 4, dat\u00eb 31.3.2023 \u201c<em>P\u00ebr caktimin e tarifave t\u00eb\u00a0veprimtaris\u00eb dyt\u00ebsore t\u00eb p\u00ebrmbaruesit gjyq\u00ebsor privat p\u00ebr\u00a0kryerjen e konstatimeve t\u00eb fakteve, sendeve dhe dukurive leht\u00ebsisht t\u00eb verifikueshme, q\u00eb nuk k\u00ebrkojn\u00eb njohuri specifike teknike, sipas legjislacionit n\u00eb fuqi<\/em>\u201d.<\/li>\n<li style=\"font-weight: 400;\">Urdh\u00ebr nr. 243, dat\u00eb 31.3.2023 \u201c<em>P\u00ebr miratimin e modelit t\u00eb kontrat\u00ebs q\u00eb lidhet midis p\u00ebrmbaruesit gjyq\u00ebsor privat dhe pal\u00ebs s\u00eb interesuar p\u00ebr kryerjen e konstatimeve t\u00eb fakteve, sendeve dhe dukurive leht\u00ebsisht t\u00eb verifikueshme, q\u00eb nuk k\u00ebrkojn\u00eb njohuri specifike teknike, sipas legjislacionit n\u00eb fuqi<\/em>\u201d.<\/li>\n<\/ul>\n","protected":false},"excerpt":{"rendered":"<p>Udh\u00ebzim nr. 4, dat\u00eb 31.3.2023 \u201cP\u00ebr caktimin e tarifave t\u00eb\u00a0veprimtaris\u00eb dyt\u00ebsore t\u00eb p\u00ebrmbaruesit gjyq\u00ebsor privat p\u00ebr\u00a0kryerjen e konstatimeve t\u00eb fakteve, sendeve dhe dukurive leht\u00ebsisht t\u00eb verifikueshme, q\u00eb nuk k\u00ebrkojn\u00eb njohuri specifike teknike, sipas legjislacionit n\u00eb fuqi\u201d. Urdh\u00ebr nr. 243, dat\u00eb 31.3.2023 \u201cP\u00ebr miratimin e modelit t\u00eb kontrat\u00ebs q\u00eb lidhet midis p\u00ebrmbaruesit gjyq\u00ebsor privat dhe pal\u00ebs [&hellip;]<\/p>\n","protected":false},"author":1,"featured_media":0,"parent":33,"menu_order":0,"comment_status":"closed","ping_status":"closed","template":"","meta":{"ngg_post_thumbnail":0,"pgc_sgb_lightbox_settings":"","footnotes":""},"class_list":["post-555","page","type-page","status-publish","hentry"],"_links":{"self":[{"href":"https:\/\/dhkpgjp.al\/index.php\/wp-json\/wp\/v2\/pages\/555","targetHints":{"allow":["GET"]}}],"collection":[{"href":"https:\/\/dhkpgjp.al\/index.php\/wp-json\/wp\/v2\/pages"}],"about":[{"href":"https:\/\/dhkpgjp.al\/index.php\/wp-json\/wp\/v2\/types\/page"}],"author":[{"embeddable":true,"href":"https:\/\/dhkpgjp.al\/index.php\/wp-json\/wp\/v2\/users\/1"}],"replies":[{"embeddable":true,"href":"https:\/\/dhkpgjp.al\/index.php\/wp-json\/wp\/v2\/comments?post=555"}],"version-history":[{"count":2,"href":"https:\/\/dhkpgjp.al\/index.php\/wp-json\/wp\/v2\/pages\/555\/revisions"}],"predecessor-version":[{"id":837,"href":"https:\/\/dhkpgjp.al\/index.php\/wp-json\/wp\/v2\/pages\/555\/revisions\/837"}],"up":[{"embeddable":true,"href":"https:\/\/dhkpgjp.al\/index.php\/wp-json\/wp\/v2\/pages\/33"}],"wp:attachment":[{"href":"https:\/\/dhkpgjp.al\/index.php\/wp-json\/wp\/v2\/media?parent=555"}],"curies":[{"name":"wp","href":"https:\/\/api.w.org\/{rel}","templated":true}]}}