{"id":55,"date":"2022-10-04T13:06:07","date_gmt":"2022-10-04T13:06:07","guid":{"rendered":"http:\/\/38.242.238.213\/?page_id=55"},"modified":"2026-02-05T23:37:59","modified_gmt":"2026-02-05T21:37:59","slug":"regjistri-i-permbarueseve-gj-p","status":"publish","type":"page","link":"https:\/\/dhkpgjp.al\/index.php\/struktura\/regjistri-i-permbarueseve-gj-p\/","title":{"rendered":"REGJISTRI I P\u00cbRMBARUESVE GJYQ\u00cbSOR\u00cb PRIVAT\u00cb"},"content":{"rendered":"\r\n<blockquote>\r\n<p class=\"has-medium-font-size\" style=\"text-align: left;\"><a href=\"https:\/\/dhkpgjp.al\/wp-content\/uploads\/2026\/02\/Regjistri-i-Permbaruesve-Gjyqesore-Private-i-2026-OK.pdf\" target=\"_blank\" rel=\"noreferrer noopener\">Regjistri i P\u00ebrmbaruesve Gjyq\u00ebsor\u00eb Privat\u00eb&nbsp;<\/a><\/p>\r\n<\/blockquote>\r\n","protected":false},"excerpt":{"rendered":"<p>Regjistri i P\u00ebrmbaruesve Gjyq\u00ebsor\u00eb Privat\u00eb&nbsp;<\/p>\n","protected":false},"author":1,"featured_media":0,"parent":35,"menu_order":5,"comment_status":"closed","ping_status":"closed","template":"template\/fullwidth.php","meta":{"ngg_post_thumbnail":0,"pgc_sgb_lightbox_settings":"","footnotes":""},"class_list":["post-55","page","type-page","status-publish","hentry"],"_links":{"self":[{"href":"https:\/\/dhkpgjp.al\/index.php\/wp-json\/wp\/v2\/pages\/55","targetHints":{"allow":["GET"]}}],"collection":[{"href":"https:\/\/dhkpgjp.al\/index.php\/wp-json\/wp\/v2\/pages"}],"about":[{"href":"https:\/\/dhkpgjp.al\/index.php\/wp-json\/wp\/v2\/types\/page"}],"author":[{"embeddable":true,"href":"https:\/\/dhkpgjp.al\/index.php\/wp-json\/wp\/v2\/users\/1"}],"replies":[{"embeddable":true,"href":"https:\/\/dhkpgjp.al\/index.php\/wp-json\/wp\/v2\/comments?post=55"}],"version-history":[{"count":17,"href":"https:\/\/dhkpgjp.al\/index.php\/wp-json\/wp\/v2\/pages\/55\/revisions"}],"predecessor-version":[{"id":1247,"href":"https:\/\/dhkpgjp.al\/index.php\/wp-json\/wp\/v2\/pages\/55\/revisions\/1247"}],"up":[{"embeddable":true,"href":"https:\/\/dhkpgjp.al\/index.php\/wp-json\/wp\/v2\/pages\/35"}],"wp:attachment":[{"href":"https:\/\/dhkpgjp.al\/index.php\/wp-json\/wp\/v2\/media?parent=55"}],"curies":[{"name":"wp","href":"https:\/\/api.w.org\/{rel}","templated":true}]}}