{"id":46,"date":"2022-10-04T12:56:01","date_gmt":"2022-10-04T12:56:01","guid":{"rendered":"http:\/\/38.242.238.213\/?page_id=46"},"modified":"2022-10-06T18:36:41","modified_gmt":"2022-10-06T16:36:41","slug":"kryetari","status":"publish","type":"page","link":"https:\/\/dhkpgjp.al\/index.php\/struktura\/kryetari\/","title":{"rendered":"KRYETARI"},"content":{"rendered":"<div class=\"wp-block-image\">\n<figure class=\"alignleft size-full\"><img loading=\"lazy\" decoding=\"async\" width=\"360\" height=\"370\" src=\"http:\/\/38.242.238.213\/wp-content\/uploads\/2022\/10\/TMALAVECI.jpg\" alt=\"\" class=\"wp-image-500\"\/><\/figure>\n<\/div>\n\n\n<p><strong>Tedi Malaveci<\/strong>&nbsp;\u00ebsht\u00eb kryetar i Dhom\u00ebs Komb\u00ebtare t\u00eb P\u00ebrmbaruesve Gjyq\u00ebsor\u00eb Privat\u00eb prej 1 Nentorit t\u00eb vitit 2014. Ka lindur n\u00eb Tiran\u00eb (1972). Pasi perfundoi ciklin e ul\u00ebt dhe shkoll\u00ebn e mesme t\u00eb p\u00ebrgjithshme \u201cPetro Nini Luarasi\u201d, kreu studimet n\u00eb Fakultetin e Drejt\u00ebsis\u00eb, \u201cUniversiteti i Tiran\u00ebs\u201d&nbsp;n\u00eb vitet 1991 \u2013 1995.<\/p>\n\n\n\n<p>Me nj\u00eb eksperienc\u00eb 24-vje\u00e7are si jurist i angazhuar pran\u00eb institucioneve shtet\u00ebrore dhe private t\u00eb fush\u00ebs s\u00eb drejt\u00ebsis\u00eb, ka mbajtur funksione t\u00eb ndryshme drejtuese n\u00eb sh\u00ebrbimin publik, ve\u00e7an\u00ebrisht n\u00eb drejtimin e sh\u00ebrbimit p\u00ebrmbarimor gjyq\u00ebsor privat (2014-2022) dhe sh\u00ebrbimin p\u00ebrmbarimor shtet\u00ebror (2004-2006).<\/p>\n\n\n\n<p>P\u00ebrve\u00e7 ushtrimit t\u00eb detyrave drejtuese, \u00ebsht\u00eb p\u00ebrkushtuar n\u00eb profilizimin e legjislacionit q\u00eb lidhet me Institutin e Ekzekutimit t\u00eb Detyruar, duke kontribuar n\u00eb krijimin e nj\u00eb standardi bashk\u00ebkohor dhe rregullativ mbi projektimin dhe miratimin e nj\u00eb s\u00ebr\u00eb aktesh ligjore e n\u00ebnligjore q\u00eb lidhen me sh\u00ebrbimin p\u00ebrmbarimor gjyq\u00ebsor.<\/p>\n\n\n\n<p>Mban autor\u00ebsin\u00eb e shum\u00eb akteve q\u00eb p\u00ebrdoren sot prej sh\u00ebrbimit p\u00ebrmbarimor, si: \u201cManuali i modular\u00ebve t\u00eb unifikuar p\u00ebr kryerjen e veprimeve procedurale p\u00ebrmbarimore\u201d, direktivave, rregulloreve, udh\u00ebzuesve apo orientimeve ligjore p\u00ebr p\u00ebrdorim standard ligjor nga p\u00ebrmbaruesit gjyq\u00ebsor\u00eb privat\u00eb dhe zyrat p\u00ebrmbarimore.<\/p>\n\n\n\n<p>P\u00ebrve\u00e7 titullit t\u00eb avokatit (2006) dhe p\u00ebrmbaruesit gjyq\u00ebsor privat (2010), \u00ebsht\u00eb certifikuar dhe si \u201cTrajner profesionist nd\u00ebrkomb\u00ebtar\u201d (2021) nga nj\u00eb program i dedikuar (ToT) nj\u00ebvje\u00e7ar i qeveris\u00eb gjermane realizuar n\u00ebp\u00ebrmjet \u201cShoq\u00ebris\u00eb gjermane p\u00ebr bashk\u00ebpunim nd\u00ebrkomb\u00ebtar\u201d.<\/p>\n\n\n\n<p>Tedi Malaveci mban detyr\u00ebn e Drejtorit Ekzekutiv t\u00eb Qendr\u00ebs Komb\u00ebtare t\u00eb Trajnimit t\u00eb P\u00ebrmbaruesve (2021) dhe, at\u00eb t\u00eb an\u00ebtarit t\u00eb Komisionit Disiplinor t\u00eb Dhom\u00ebs Komb\u00ebtare t\u00eb P\u00ebrmbaruesve Gjyq\u00ebsor\u00eb Privat\u00eb (2021-2025).<\/p>\n\n\n\n<p>\u00cbsht\u00eb rikonfirmuar n\u00eb detyr\u00ebn e Kryetarit t\u00eb Dhom\u00ebs dat\u00eb 24 shtator 2022 p\u00ebr nj\u00eb mandat 4 (kat\u00ebr) &#8211; vje\u00e7ar.<\/p>\n","protected":false},"excerpt":{"rendered":"<p>Tedi Malaveci&nbsp;\u00ebsht\u00eb kryetar i Dhom\u00ebs Komb\u00ebtare t\u00eb P\u00ebrmbaruesve Gjyq\u00ebsor\u00eb Privat\u00eb prej 1 Nentorit t\u00eb vitit 2014. Ka lindur n\u00eb Tiran\u00eb (1972). Pasi perfundoi ciklin e ul\u00ebt dhe shkoll\u00ebn e mesme t\u00eb p\u00ebrgjithshme \u201cPetro Nini Luarasi\u201d, kreu studimet n\u00eb Fakultetin e Drejt\u00ebsis\u00eb, \u201cUniversiteti i Tiran\u00ebs\u201d&nbsp;n\u00eb vitet 1991 \u2013 1995. Me nj\u00eb eksperienc\u00eb 24-vje\u00e7are si jurist i [&hellip;]<\/p>\n","protected":false},"author":1,"featured_media":0,"parent":35,"menu_order":1,"comment_status":"closed","ping_status":"closed","template":"template\/fullwidth.php","meta":{"ngg_post_thumbnail":0,"pgc_sgb_lightbox_settings":"","footnotes":""},"class_list":["post-46","page","type-page","status-publish","hentry"],"_links":{"self":[{"href":"https:\/\/dhkpgjp.al\/index.php\/wp-json\/wp\/v2\/pages\/46","targetHints":{"allow":["GET"]}}],"collection":[{"href":"https:\/\/dhkpgjp.al\/index.php\/wp-json\/wp\/v2\/pages"}],"about":[{"href":"https:\/\/dhkpgjp.al\/index.php\/wp-json\/wp\/v2\/types\/page"}],"author":[{"embeddable":true,"href":"https:\/\/dhkpgjp.al\/index.php\/wp-json\/wp\/v2\/users\/1"}],"replies":[{"embeddable":true,"href":"https:\/\/dhkpgjp.al\/index.php\/wp-json\/wp\/v2\/comments?post=46"}],"version-history":[{"count":4,"href":"https:\/\/dhkpgjp.al\/index.php\/wp-json\/wp\/v2\/pages\/46\/revisions"}],"predecessor-version":[{"id":501,"href":"https:\/\/dhkpgjp.al\/index.php\/wp-json\/wp\/v2\/pages\/46\/revisions\/501"}],"up":[{"embeddable":true,"href":"https:\/\/dhkpgjp.al\/index.php\/wp-json\/wp\/v2\/pages\/35"}],"wp:attachment":[{"href":"https:\/\/dhkpgjp.al\/index.php\/wp-json\/wp\/v2\/media?parent=46"}],"curies":[{"name":"wp","href":"https:\/\/api.w.org\/{rel}","templated":true}]}}