{"id":265,"date":"2022-10-05T20:27:24","date_gmt":"2022-10-05T20:27:24","guid":{"rendered":"http:\/\/38.242.238.213\/?page_id=265"},"modified":"2022-10-05T20:36:05","modified_gmt":"2022-10-05T20:36:05","slug":"rezoluta","status":"publish","type":"page","link":"https:\/\/dhkpgjp.al\/index.php\/legjislacioni\/akte-nenligjore\/rezoluta\/","title":{"rendered":"REZOLUTA"},"content":{"rendered":"\n<p><a href=\"http:\/\/38.242.238.213\/wp-content\/uploads\/2022\/10\/REZOLUTA-DHKPGJP-1.pdf\" data-type=\"URL\" data-id=\"http:\/\/38.242.238.213\/wp-content\/uploads\/2022\/10\/REZOLUTA-DHKPGJP-1.pdf\" target=\"_blank\" rel=\"noreferrer noopener\"><strong>Rezolute &#8211;<\/strong>\u00a0<strong>\u201cP\u00ebr v\u00ebmend\u00ebsimin e qeveris\u00eb shqiptare ndaj sh\u00ebrbimit p\u00ebrmbarimor gjyq\u00ebsor\u201d.<\/strong><\/a><\/p>\n","protected":false},"excerpt":{"rendered":"<p>Rezolute &#8211;\u00a0\u201cP\u00ebr v\u00ebmend\u00ebsimin e qeveris\u00eb shqiptare ndaj sh\u00ebrbimit p\u00ebrmbarimor gjyq\u00ebsor\u201d.<\/p>\n","protected":false},"author":1,"featured_media":0,"parent":71,"menu_order":1,"comment_status":"closed","ping_status":"closed","template":"","meta":{"ngg_post_thumbnail":0,"pgc_sgb_lightbox_settings":"","footnotes":""},"class_list":["post-265","page","type-page","status-publish","hentry"],"_links":{"self":[{"href":"https:\/\/dhkpgjp.al\/index.php\/wp-json\/wp\/v2\/pages\/265","targetHints":{"allow":["GET"]}}],"collection":[{"href":"https:\/\/dhkpgjp.al\/index.php\/wp-json\/wp\/v2\/pages"}],"about":[{"href":"https:\/\/dhkpgjp.al\/index.php\/wp-json\/wp\/v2\/types\/page"}],"author":[{"embeddable":true,"href":"https:\/\/dhkpgjp.al\/index.php\/wp-json\/wp\/v2\/users\/1"}],"replies":[{"embeddable":true,"href":"https:\/\/dhkpgjp.al\/index.php\/wp-json\/wp\/v2\/comments?post=265"}],"version-history":[{"count":3,"href":"https:\/\/dhkpgjp.al\/index.php\/wp-json\/wp\/v2\/pages\/265\/revisions"}],"predecessor-version":[{"id":271,"href":"https:\/\/dhkpgjp.al\/index.php\/wp-json\/wp\/v2\/pages\/265\/revisions\/271"}],"up":[{"embeddable":true,"href":"https:\/\/dhkpgjp.al\/index.php\/wp-json\/wp\/v2\/pages\/71"}],"wp:attachment":[{"href":"https:\/\/dhkpgjp.al\/index.php\/wp-json\/wp\/v2\/media?parent=265"}],"curies":[{"name":"wp","href":"https:\/\/api.w.org\/{rel}","templated":true}]}}