{"id":2,"date":"2022-09-22T12:55:54","date_gmt":"2022-09-22T12:55:54","guid":{"rendered":"http:\/\/38.242.238.213\/wordpress\/?page_id=2"},"modified":"2022-10-05T18:11:26","modified_gmt":"2022-10-05T18:11:26","slug":"rreth-nesh","status":"publish","type":"page","link":"https:\/\/dhkpgjp.al\/index.php\/rreth-nesh\/","title":{"rendered":"RRETH NESH"},"content":{"rendered":"\n<p>Me q\u00ebllim p\u00ebrmbushjen e asaj q\u00eb quhet \u201cq\u00ebllimi final i drejt\u00ebsis\u00eb\u201d, \u00ebsht\u00eb projektuar filozofia dhe misioni tejet i r\u00ebnd\u00ebsish\u00ebm i Sh\u00ebrbimit P\u00ebrmbarimor Gjyq\u00ebsor. Ky sh\u00ebrbim, \u00ebsht\u00eb tashm\u00eb nj\u00eb pjes\u00eb integrale, e unifikuar me procesin e gjykimit, e destinuar p\u00ebr t\u00eb realizuar praktikisht thelbin e t\u00eb drejtave t\u00eb njeriut, \u00e7ka p\u00ebrb\u00ebn detyr\u00ebn themelore t\u00eb shtetit t\u00eb s\u00eb drejt\u00ebs. Hallka ekzekutive e procesit kompleks t\u00eb dh\u00ebnies s\u00eb drejt\u00ebsis\u00eb nuk \u00ebsht\u00eb thjesht nj\u00eb institucion i s\u00eb drejt\u00ebs, por \u00ebsht\u00eb tashm\u00eb nj\u00eb element i konstitucionalizuar edhe nga jurisprudenca e Gjykat\u00ebs Evropiane t\u00eb t\u00eb Drejtave t\u00eb Njeriut.<\/p>\n\n\n\n<p>N\u00eb Shqip\u00ebri, modeli i sh\u00ebrbimit p\u00ebrmbarimor t\u00eb ofruar \u00ebsht\u00eb nj\u00eb model miks, ku kombinohet sh\u00ebrbimi p\u00ebrmbarimor shtet\u00ebror dhe ai privat. Sh\u00ebrbimi p\u00ebrmbarimor privat u zhvillua p\u00ebr t\u2019i dh\u00ebn\u00eb nj\u00eb performanc\u00eb m\u00eb t\u00eb vitalizuar dhe m\u00eb efikase ekzekutimit t\u00eb detyruar t\u00eb titujve ekzekutiv\u00eb dhe ushtrohet nga p\u00ebrmbaruesit privat\u00eb dhe shoq\u00ebrit\u00eb p\u00ebrmbaruese private.<\/p>\n\n\n\n<p>Edhe pse e organizuar n\u00eb baza private, k\u00ebtij sh\u00ebrbimi i njihet nj\u00eb karakter publik dhe n\u00ebnligjor pasi i n\u00ebnshtrohet Kodit t\u00eb Procedur\u00ebs Civile, Kodit Civil, ligjit nr. 26\/2019 \u201c<em>P\u00ebr sh\u00ebrbimin p\u00ebrmbarimor gjyq\u00ebsor privat<\/em>\u201d, si edhe akteve t\u00eb tjera ligjore apo n\u00ebnligjore n\u00eb zbatim t\u00eb tij.<\/p>\n\n\n\n<p>N\u00eb k\u00ebt\u00eb kontekst, Dhoma Komb\u00ebtare e P\u00ebrmbaruesve Gjyq\u00ebsor\u00eb Privat\u00eb \u00ebsht\u00eb nj\u00eb aktore energjike n\u00eb procesin e reform\u00ebs ligjore n\u00eb Shqip\u00ebri dhe \u00ebsht\u00eb institucioni p\u00ebrgjegj\u00ebs p\u00ebr p\u00ebrfaq\u00ebsimin profesional t\u00eb p\u00ebrmbaruesve gjyq\u00ebsor\u00eb.<\/p>\n\n\n\n<p>E krijuar n\u00eb dhjetor t\u00eb 2010-s fillimisht me 62 p\u00ebrmbarues t\u00eb licencuar dhe sot e p\u00ebrb\u00ebr\u00eb nga nj\u00eb num\u00ebr prej144 p\u00ebrmbaruesish aktiv\u00eb, Dhoma funksionon si nj\u00eb organizim i pavarur nga shteti.<\/p>\n\n\n\n<p>Nga pik\u00ebpamja e struktur\u00ebs dhe organizimit, Dhoma Komb\u00ebtare e P\u00ebrmbaruesve Gjyq\u00ebsor\u00eb Privat\u00eb p\u00ebrb\u00ebhet nga Asambleja e P\u00ebrgjithshme, organi m\u00eb i lart\u00eb i p\u00ebrfaq\u00ebsimit dhe vendimmarrjes e cila zgjedh \u00e7do 4 vjet organet drejtuese t\u00eb Dhom\u00ebs si: Kryetarin e Dhom\u00ebs, n\u00ebnkryetarin, sekretarin e P\u00ebrgjithsh\u00ebm dhe 7 an\u00ebtar\u00ebt e K\u00ebshillit Drejtues.<\/p>\n\n\n\n<p>Sh\u00ebrbimi p\u00ebrmbarimor gjyq\u00ebsor privat ushtron veprimtarin\u00eb n\u00eb nj\u00eb juridiksion komb\u00ebtar pa asnj\u00eb penges\u00eb apo kufizim territorial. Aktualisht p\u00ebrmbaruesit gjyq\u00ebsor\u00eb privat\u00eb kryejn\u00eb aktivitet duke sh\u00ebrbyer n\u00eb shumic\u00ebn e qyteteve t\u00eb Shqip\u00ebris\u00eb.<\/p>\n\n\n\n<p>Gjat\u00eb 10 viteve t\u00eb sh\u00ebrbimit p\u00ebrmbarimor privat,&nbsp;shteti dhe skepticizmi ndaj p\u00ebrmbaruesit gjyq\u00ebsor privat nuk reshti s\u00eb sfiduari pun\u00ebn e tij ve\u00e7an\u00ebrisht p\u00ebrgjat\u00eb periudh\u00ebs 2018-2020. Por mbi profesionin dhe sh\u00ebrbimin publik, p\u00ebrmbaruesit privat\u00eb nuk kan\u00eb lejuar asnj\u00eb kompromis.<\/p>\n\n\n\n<p>P\u00ebrmbaruesit privat\u00eb vazhdojn\u00eb t\u00eb sh\u00ebrbejn\u00eb me zell dhe profesionaliz\u00ebm n\u00eb gjith\u00eb Shqip\u00ebrin\u00eb dhe p\u00ebrgjat\u00eb 1 dekade pun\u00eb,&nbsp;&nbsp;kredibiliteti i ofrimit t\u00eb k\u00ebtij sh\u00ebrbimi prej tyre, ka marr\u00eb nj\u00eb dimension t\u00eb r\u00ebnd\u00ebsish\u00ebm p\u00ebr publikun, shtetin dhe vet\u00eb sistemin e drejt\u00ebsis\u00eb.<\/p>\n\n\n\n<p>P\u00ebrmbaruesit privat\u00eb besojn\u00eb se e ardhmja e ekzekutimit t\u00eb vendimeve gjyq\u00ebsore n\u00eb Shqip\u00ebri do t\u00eb jet\u00eb atribut vet\u00ebm i sh\u00ebrbimit p\u00ebrmbarimor privat, pasi shteti dhe t\u00eb gjith\u00eb qytetar\u00ebt kan\u00eb nevoj\u00ebn e padiskutueshme t\u00eb delegojn\u00eb k\u00ebrkesat ligjore dhe p\u00ebrmbushjen e tyre tek ata, p\u00ebrmbaruesit gjyq\u00ebsor\u00eb privat\u00eb.<\/p>\n\n\n\n<p><a href=\"http:\/\/www.nchb.al\/wp-content\/uploads\/2015\/08\/Harta-2020.jpg\"><em>Harta e Shp\u00ebrndarjes s\u00eb P\u00ebrmbaruesve<\/em><\/a><\/p>\n","protected":false},"excerpt":{"rendered":"<p>Me q\u00ebllim p\u00ebrmbushjen e asaj q\u00eb quhet \u201cq\u00ebllimi final i drejt\u00ebsis\u00eb\u201d, \u00ebsht\u00eb projektuar filozofia dhe misioni tejet i r\u00ebnd\u00ebsish\u00ebm i Sh\u00ebrbimit P\u00ebrmbarimor Gjyq\u00ebsor. Ky sh\u00ebrbim, \u00ebsht\u00eb tashm\u00eb nj\u00eb pjes\u00eb integrale, e unifikuar me procesin e gjykimit, e destinuar p\u00ebr t\u00eb realizuar praktikisht thelbin e t\u00eb drejtave t\u00eb njeriut, \u00e7ka p\u00ebrb\u00ebn detyr\u00ebn themelore t\u00eb shtetit t\u00eb [&hellip;]<\/p>\n","protected":false},"author":1,"featured_media":0,"parent":0,"menu_order":0,"comment_status":"closed","ping_status":"closed","template":"template\/fullwidth.php","meta":{"ngg_post_thumbnail":0,"pgc_sgb_lightbox_settings":"","footnotes":""},"class_list":["post-2","page","type-page","status-publish","hentry"],"_links":{"self":[{"href":"https:\/\/dhkpgjp.al\/index.php\/wp-json\/wp\/v2\/pages\/2","targetHints":{"allow":["GET"]}}],"collection":[{"href":"https:\/\/dhkpgjp.al\/index.php\/wp-json\/wp\/v2\/pages"}],"about":[{"href":"https:\/\/dhkpgjp.al\/index.php\/wp-json\/wp\/v2\/types\/page"}],"author":[{"embeddable":true,"href":"https:\/\/dhkpgjp.al\/index.php\/wp-json\/wp\/v2\/users\/1"}],"replies":[{"embeddable":true,"href":"https:\/\/dhkpgjp.al\/index.php\/wp-json\/wp\/v2\/comments?post=2"}],"version-history":[{"count":2,"href":"https:\/\/dhkpgjp.al\/index.php\/wp-json\/wp\/v2\/pages\/2\/revisions"}],"predecessor-version":[{"id":96,"href":"https:\/\/dhkpgjp.al\/index.php\/wp-json\/wp\/v2\/pages\/2\/revisions\/96"}],"wp:attachment":[{"href":"https:\/\/dhkpgjp.al\/index.php\/wp-json\/wp\/v2\/media?parent=2"}],"curies":[{"name":"wp","href":"https:\/\/api.w.org\/{rel}","templated":true}]}}