{"id":161,"date":"2022-10-05T07:48:42","date_gmt":"2022-10-05T07:48:42","guid":{"rendered":"http:\/\/38.242.238.213\/?page_id=161"},"modified":"2025-10-01T11:20:53","modified_gmt":"2025-10-01T09:20:53","slug":"siaip","status":"publish","type":"page","link":"https:\/\/dhkpgjp.al\/index.php\/siaip\/","title":{"rendered":"SIAIP"},"content":{"rendered":"\r\n<div style=\"width: 100%;\"><a href=\"https:\/\/siaip.dhkpgjp.al\/SIAIP_V3\" target=\"_blank\" rel=\"noopener\">Hape n\u00eb faqe t\u00eb plot\u00eb<\/a> <br><iframe loading=\"lazy\" src=\"https:\/\/siaip.dhkpgjp.al\/SIAIP_V3\" width=\"100%\" height=\"800\" frameborder=\"0\"><\/iframe><\/div>\r\n","protected":false},"excerpt":{"rendered":"<p>Hape n\u00eb faqe t\u00eb plot\u00eb<\/p>\n","protected":false},"author":1,"featured_media":0,"parent":0,"menu_order":0,"comment_status":"closed","ping_status":"closed","template":"template\/fullwidth.php","meta":{"ngg_post_thumbnail":0,"pgc_sgb_lightbox_settings":"","footnotes":""},"class_list":["post-161","page","type-page","status-publish","hentry"],"_links":{"self":[{"href":"https:\/\/dhkpgjp.al\/index.php\/wp-json\/wp\/v2\/pages\/161","targetHints":{"allow":["GET"]}}],"collection":[{"href":"https:\/\/dhkpgjp.al\/index.php\/wp-json\/wp\/v2\/pages"}],"about":[{"href":"https:\/\/dhkpgjp.al\/index.php\/wp-json\/wp\/v2\/types\/page"}],"author":[{"embeddable":true,"href":"https:\/\/dhkpgjp.al\/index.php\/wp-json\/wp\/v2\/users\/1"}],"replies":[{"embeddable":true,"href":"https:\/\/dhkpgjp.al\/index.php\/wp-json\/wp\/v2\/comments?post=161"}],"version-history":[{"count":15,"href":"https:\/\/dhkpgjp.al\/index.php\/wp-json\/wp\/v2\/pages\/161\/revisions"}],"predecessor-version":[{"id":1230,"href":"https:\/\/dhkpgjp.al\/index.php\/wp-json\/wp\/v2\/pages\/161\/revisions\/1230"}],"wp:attachment":[{"href":"https:\/\/dhkpgjp.al\/index.php\/wp-json\/wp\/v2\/media?parent=161"}],"curies":[{"name":"wp","href":"https:\/\/api.w.org\/{rel}","templated":true}]}}