{"id":104,"date":"2022-10-04T13:48:13","date_gmt":"2022-10-04T13:48:13","guid":{"rendered":"http:\/\/38.242.238.213\/?page_id=104"},"modified":"2022-10-06T20:19:11","modified_gmt":"2022-10-06T18:19:11","slug":"vendime","status":"publish","type":"page","link":"https:\/\/dhkpgjp.al\/index.php\/komisioni-disiplinor\/vendime\/","title":{"rendered":"VENDIME"},"content":{"rendered":"\n<p><a rel=\"noreferrer noopener\" href=\"http:\/\/38.242.238.213\/wp-content\/uploads\/2022\/10\/Vendimi-Nr.-3-date-20.7.2022-i-anonimizuar-4.pdf\" target=\"_blank\">Vendim dat\u00eb 20.7.2022<\/a><\/p>\n\n\n\n<p><a href=\"http:\/\/38.242.238.213\/wp-content\/uploads\/2022\/10\/Vendim-date-16.11.2021.pdf\" target=\"_blank\" rel=\"noreferrer noopener\">Vendim dat\u00eb 16.11.2021<\/a><\/p>\n\n\n\n<p><a href=\"http:\/\/38.242.238.213\/wp-content\/uploads\/2022\/10\/Vendim-Nr.-1-15.11.2021.pdf\" target=\"_blank\" rel=\"noreferrer noopener\">Vendim dat\u00eb 15.11.2021<\/a><\/p>\n","protected":false},"excerpt":{"rendered":"<p>Vendim dat\u00eb 20.7.2022 Vendim dat\u00eb 16.11.2021 Vendim dat\u00eb 15.11.2021<\/p>\n","protected":false},"author":1,"featured_media":0,"parent":100,"menu_order":2,"comment_status":"closed","ping_status":"closed","template":"template\/fullwidth.php","meta":{"ngg_post_thumbnail":0,"pgc_sgb_lightbox_settings":"","footnotes":""},"class_list":["post-104","page","type-page","status-publish","hentry"],"_links":{"self":[{"href":"https:\/\/dhkpgjp.al\/index.php\/wp-json\/wp\/v2\/pages\/104","targetHints":{"allow":["GET"]}}],"collection":[{"href":"https:\/\/dhkpgjp.al\/index.php\/wp-json\/wp\/v2\/pages"}],"about":[{"href":"https:\/\/dhkpgjp.al\/index.php\/wp-json\/wp\/v2\/types\/page"}],"author":[{"embeddable":true,"href":"https:\/\/dhkpgjp.al\/index.php\/wp-json\/wp\/v2\/users\/1"}],"replies":[{"embeddable":true,"href":"https:\/\/dhkpgjp.al\/index.php\/wp-json\/wp\/v2\/comments?post=104"}],"version-history":[{"count":5,"href":"https:\/\/dhkpgjp.al\/index.php\/wp-json\/wp\/v2\/pages\/104\/revisions"}],"predecessor-version":[{"id":576,"href":"https:\/\/dhkpgjp.al\/index.php\/wp-json\/wp\/v2\/pages\/104\/revisions\/576"}],"up":[{"embeddable":true,"href":"https:\/\/dhkpgjp.al\/index.php\/wp-json\/wp\/v2\/pages\/100"}],"wp:attachment":[{"href":"https:\/\/dhkpgjp.al\/index.php\/wp-json\/wp\/v2\/media?parent=104"}],"curies":[{"name":"wp","href":"https:\/\/api.w.org\/{rel}","templated":true}]}}